{"id":49319,"date":"2024-09-09T07:05:33","date_gmt":"2024-09-09T07:05:33","guid":{"rendered":"https:\/\/www.multifrigo.pl\/sklep\/produkt\/kociol-warzelny-elektryczny-z-posrednim-systemem-grzania-i-automatyczna-kontrola-poziomu-wody-342-l-bartscher-280022\/"},"modified":"2025-07-17T08:55:10","modified_gmt":"2025-07-17T08:55:10","slug":"kociol-warzelny-elektryczny-z-posrednim-systemem-grzania-i-automatyczna-kontrola-poziomu-wody-342-l-bartscher-280022","status":"publish","type":"product","link":"https:\/\/www.multifrigo.pl\/sklep\/produkt\/kociol-warzelny-elektryczny-z-posrednim-systemem-grzania-i-automatyczna-kontrola-poziomu-wody-342-l-bartscher-280022\/","title":{"rendered":"Kocio\u0142 warzelny elektryczny z po\u015brednim systemem grzania i automatyczn\u0105 kontrol\u0105 poziomu wody 342 l  | Bartscher 280022"},"content":{"rendered":"<p><b>Kocio\u0142 warzelny elektryczny z po\u015brednim systemem grzania i automatyczn\u0105 kontrol\u0105 poziomu wody 342 l <\/b><\/p>\n","protected":false},"excerpt":{"rendered":"<p>Kocio\u0142 warzelny elektryczny z po\u015brednim systemem grzania i automatyczn\u0105 kontrol\u0105 poziomu wody 342 l<\/p>\n","protected":false},"featured_media":52712,"template":"","meta":{"_et_pb_use_builder":"","_et_pb_old_content":"","_et_gb_content_width":""},"pwb-brand":[1577],"product_brand":[],"product_cat":[616],"product_tag":[],"class_list":{"0":"post-49319","1":"product","2":"type-product","3":"status-publish","4":"has-post-thumbnail","6":"pwb-brand-bartscher","7":"product_cat-kotly-warzelne","9":"first","10":"instock","11":"taxable","12":"shipping-taxable","13":"purchasable","14":"product-type-simple"},"brands":[{"id":1577,"name":"Bartscher","slug":"bartscher"}],"_links":{"self":[{"href":"https:\/\/www.multifrigo.pl\/sklep\/wp-json\/wp\/v2\/product\/49319","targetHints":{"allow":["GET"]}}],"collection":[{"href":"https:\/\/www.multifrigo.pl\/sklep\/wp-json\/wp\/v2\/product"}],"about":[{"href":"https:\/\/www.multifrigo.pl\/sklep\/wp-json\/wp\/v2\/types\/product"}],"wp:featuredmedia":[{"embeddable":true,"href":"https:\/\/www.multifrigo.pl\/sklep\/wp-json\/wp\/v2\/media\/52712"}],"wp:attachment":[{"href":"https:\/\/www.multifrigo.pl\/sklep\/wp-json\/wp\/v2\/media?parent=49319"}],"wp:term":[{"taxonomy":"pwb-brand","embeddable":true,"href":"https:\/\/www.multifrigo.pl\/sklep\/wp-json\/wp\/v2\/pwb-brand?post=49319"},{"taxonomy":"product_brand","embeddable":true,"href":"https:\/\/www.multifrigo.pl\/sklep\/wp-json\/wp\/v2\/product_brand?post=49319"},{"taxonomy":"product_cat","embeddable":true,"href":"https:\/\/www.multifrigo.pl\/sklep\/wp-json\/wp\/v2\/product_cat?post=49319"},{"taxonomy":"product_tag","embeddable":true,"href":"https:\/\/www.multifrigo.pl\/sklep\/wp-json\/wp\/v2\/product_tag?post=49319"}],"curies":[{"name":"wp","href":"https:\/\/api.w.org\/{rel}","templated":true}]}}