{"id":49320,"date":"2024-09-09T07:05:40","date_gmt":"2024-09-09T07:05:40","guid":{"rendered":"https:\/\/www.multifrigo.pl\/sklep\/produkt\/kociol-warzelny-elektryczny-z-ogrzewaniem-posrednim-55-l-bartscher-286811\/"},"modified":"2025-07-17T08:57:25","modified_gmt":"2025-07-17T08:57:25","slug":"kociol-warzelny-elektryczny-z-ogrzewaniem-posrednim-55-l-bartscher-286811","status":"publish","type":"product","link":"https:\/\/www.multifrigo.pl\/sklep\/produkt\/kociol-warzelny-elektryczny-z-ogrzewaniem-posrednim-55-l-bartscher-286811\/","title":{"rendered":"Kocio\u0142 warzelny elektryczny z ogrzewaniem po\u015brednim, 55 l | Bartscher 286811"},"content":{"rendered":"<p><b>Kocio\u0142 warzelny elektryczny z ogrzewaniem po\u015brednim, 55 l<\/b><\/p>\n","protected":false},"excerpt":{"rendered":"<p>Kocio\u0142 warzelny elektryczny z ogrzewaniem po\u015brednim, 55 l<\/p>\n","protected":false},"featured_media":52726,"template":"","meta":{"_et_pb_use_builder":"","_et_pb_old_content":"","_et_gb_content_width":""},"pwb-brand":[1577],"product_brand":[],"product_cat":[616],"product_tag":[],"class_list":{"0":"post-49320","1":"product","2":"type-product","3":"status-publish","4":"has-post-thumbnail","6":"pwb-brand-bartscher","7":"product_cat-kotly-warzelne","9":"first","10":"instock","11":"taxable","12":"shipping-taxable","13":"purchasable","14":"product-type-simple"},"brands":[{"id":1577,"name":"Bartscher","slug":"bartscher"}],"_links":{"self":[{"href":"https:\/\/www.multifrigo.pl\/sklep\/wp-json\/wp\/v2\/product\/49320","targetHints":{"allow":["GET"]}}],"collection":[{"href":"https:\/\/www.multifrigo.pl\/sklep\/wp-json\/wp\/v2\/product"}],"about":[{"href":"https:\/\/www.multifrigo.pl\/sklep\/wp-json\/wp\/v2\/types\/product"}],"wp:featuredmedia":[{"embeddable":true,"href":"https:\/\/www.multifrigo.pl\/sklep\/wp-json\/wp\/v2\/media\/52726"}],"wp:attachment":[{"href":"https:\/\/www.multifrigo.pl\/sklep\/wp-json\/wp\/v2\/media?parent=49320"}],"wp:term":[{"taxonomy":"pwb-brand","embeddable":true,"href":"https:\/\/www.multifrigo.pl\/sklep\/wp-json\/wp\/v2\/pwb-brand?post=49320"},{"taxonomy":"product_brand","embeddable":true,"href":"https:\/\/www.multifrigo.pl\/sklep\/wp-json\/wp\/v2\/product_brand?post=49320"},{"taxonomy":"product_cat","embeddable":true,"href":"https:\/\/www.multifrigo.pl\/sklep\/wp-json\/wp\/v2\/product_cat?post=49320"},{"taxonomy":"product_tag","embeddable":true,"href":"https:\/\/www.multifrigo.pl\/sklep\/wp-json\/wp\/v2\/product_tag?post=49320"}],"curies":[{"name":"wp","href":"https:\/\/api.w.org\/{rel}","templated":true}]}}