{"id":49327,"date":"2024-09-09T07:06:06","date_gmt":"2024-09-09T07:06:06","guid":{"rendered":"https:\/\/www.multifrigo.pl\/sklep\/produkt\/kociolek-na-zupe-10l-bartscher-100048\/"},"modified":"2025-07-17T07:41:45","modified_gmt":"2025-07-17T07:41:45","slug":"kociolek-na-zupe-10l-bartscher-100048","status":"publish","type":"product","link":"https:\/\/www.multifrigo.pl\/sklep\/produkt\/kociolek-na-zupe-10l-bartscher-100048\/","title":{"rendered":"Kocio\u0142ek na zup\u0119 10L | Bartscher 100048"},"content":{"rendered":"<p><b>Kocio\u0142ek na zup\u0119 10L<\/b><\/p>\n<p>Przezroczysta pokrywka z poliw\u0119glanu umo\u017cliwia w ka\u017cdej chwili wgl\u0105d do wn\u0119trza kocio\u0142ka. Bez uci\u0105\u017cliwego sprawdzania poziomu zupy lub sosu &#8211; bez niepotrzebnej utraty ciep\u0142a.<\/p><\/p>\n","protected":false},"excerpt":{"rendered":"<p>Kocio\u0142ek na zup\u0119 10L Przezroczysta pokrywka z poliw\u0119glanu umo\u017cliwia w ka\u017cdej chwili wgl\u0105d do wn\u0119trza kocio\u0142ka. Bez uci\u0105\u017cliwego sprawdzania poziomu zupy lub sosu &#8211; bez niepotrzebnej utraty ciep\u0142a.<\/p>\n","protected":false},"featured_media":52756,"template":"","meta":{"_et_pb_use_builder":"","_et_pb_old_content":"","_et_gb_content_width":""},"pwb-brand":[1577],"product_brand":[],"product_cat":[293],"product_tag":[],"class_list":{"0":"post-49327","1":"product","2":"type-product","3":"status-publish","4":"has-post-thumbnail","6":"pwb-brand-bartscher","7":"product_cat-kociolki-do-zup","9":"first","10":"instock","11":"taxable","12":"shipping-taxable","13":"purchasable","14":"product-type-simple"},"brands":[{"id":1577,"name":"Bartscher","slug":"bartscher"}],"_links":{"self":[{"href":"https:\/\/www.multifrigo.pl\/sklep\/wp-json\/wp\/v2\/product\/49327","targetHints":{"allow":["GET"]}}],"collection":[{"href":"https:\/\/www.multifrigo.pl\/sklep\/wp-json\/wp\/v2\/product"}],"about":[{"href":"https:\/\/www.multifrigo.pl\/sklep\/wp-json\/wp\/v2\/types\/product"}],"wp:featuredmedia":[{"embeddable":true,"href":"https:\/\/www.multifrigo.pl\/sklep\/wp-json\/wp\/v2\/media\/52756"}],"wp:attachment":[{"href":"https:\/\/www.multifrigo.pl\/sklep\/wp-json\/wp\/v2\/media?parent=49327"}],"wp:term":[{"taxonomy":"pwb-brand","embeddable":true,"href":"https:\/\/www.multifrigo.pl\/sklep\/wp-json\/wp\/v2\/pwb-brand?post=49327"},{"taxonomy":"product_brand","embeddable":true,"href":"https:\/\/www.multifrigo.pl\/sklep\/wp-json\/wp\/v2\/product_brand?post=49327"},{"taxonomy":"product_cat","embeddable":true,"href":"https:\/\/www.multifrigo.pl\/sklep\/wp-json\/wp\/v2\/product_cat?post=49327"},{"taxonomy":"product_tag","embeddable":true,"href":"https:\/\/www.multifrigo.pl\/sklep\/wp-json\/wp\/v2\/product_tag?post=49327"}],"curies":[{"name":"wp","href":"https:\/\/api.w.org\/{rel}","templated":true}]}}