{"id":49342,"date":"2024-09-09T07:07:11","date_gmt":"2024-09-09T07:07:11","guid":{"rendered":"https:\/\/www.multifrigo.pl\/sklep\/produkt\/kostkarka-do-lodu-b-46-plus-bartscher-104548\/"},"modified":"2025-07-17T07:44:17","modified_gmt":"2025-07-17T07:44:17","slug":"kostkarka-do-lodu-b-46-plus-bartscher-104548","status":"publish","type":"product","link":"https:\/\/www.multifrigo.pl\/sklep\/produkt\/kostkarka-do-lodu-b-46-plus-bartscher-104548\/","title":{"rendered":"Kostkarka do lodu B 46 Plus | Bartscher 104548"},"content":{"rendered":"<p><b>Kostkarka do lodu B 46 Plus<\/b><\/p>\n<p>Jeszcze wi\u0119ksza wydajno\u015b\u0107 i oszcz\u0119dno\u015b\u0107 \u2013 zoptymalizowana kostkarka do lodu z serii B Plus produkuje w du\u017cych ilo\u015bciach l\u00f3d w kostkach w kszta\u0142cie pe\u0142nych sto\u017ck\u00f3w, a przy tym jest oszcz\u0119dniejsza w eksploatacji.<\/p><\/p>\n","protected":false},"excerpt":{"rendered":"<p>Kostkarka do lodu B 46 Plus Jeszcze wi\u0119ksza wydajno\u015b\u0107 i oszcz\u0119dno\u015b\u0107 \u2013 zoptymalizowana kostkarka do lodu z serii B Plus produkuje w du\u017cych ilo\u015bciach l\u00f3d w kostkach w kszta\u0142cie pe\u0142nych sto\u017ck\u00f3w, a przy tym jest oszcz\u0119dniejsza w eksploatacji.<\/p>\n","protected":false},"featured_media":52798,"template":"","meta":{"_et_pb_use_builder":"","_et_pb_old_content":"","_et_gb_content_width":""},"pwb-brand":[1577],"product_brand":[],"product_cat":[534],"product_tag":[],"class_list":{"0":"post-49342","1":"product","2":"type-product","3":"status-publish","4":"has-post-thumbnail","6":"pwb-brand-bartscher","7":"product_cat-chlodzone-powietrzem","9":"first","10":"instock","11":"taxable","12":"shipping-taxable","13":"purchasable","14":"product-type-simple"},"brands":[{"id":1577,"name":"Bartscher","slug":"bartscher"}],"_links":{"self":[{"href":"https:\/\/www.multifrigo.pl\/sklep\/wp-json\/wp\/v2\/product\/49342","targetHints":{"allow":["GET"]}}],"collection":[{"href":"https:\/\/www.multifrigo.pl\/sklep\/wp-json\/wp\/v2\/product"}],"about":[{"href":"https:\/\/www.multifrigo.pl\/sklep\/wp-json\/wp\/v2\/types\/product"}],"wp:featuredmedia":[{"embeddable":true,"href":"https:\/\/www.multifrigo.pl\/sklep\/wp-json\/wp\/v2\/media\/52798"}],"wp:attachment":[{"href":"https:\/\/www.multifrigo.pl\/sklep\/wp-json\/wp\/v2\/media?parent=49342"}],"wp:term":[{"taxonomy":"pwb-brand","embeddable":true,"href":"https:\/\/www.multifrigo.pl\/sklep\/wp-json\/wp\/v2\/pwb-brand?post=49342"},{"taxonomy":"product_brand","embeddable":true,"href":"https:\/\/www.multifrigo.pl\/sklep\/wp-json\/wp\/v2\/product_brand?post=49342"},{"taxonomy":"product_cat","embeddable":true,"href":"https:\/\/www.multifrigo.pl\/sklep\/wp-json\/wp\/v2\/product_cat?post=49342"},{"taxonomy":"product_tag","embeddable":true,"href":"https:\/\/www.multifrigo.pl\/sklep\/wp-json\/wp\/v2\/product_tag?post=49342"}],"curies":[{"name":"wp","href":"https:\/\/api.w.org\/{rel}","templated":true}]}}