{"id":49345,"date":"2024-09-09T07:07:23","date_gmt":"2024-09-09T07:07:23","guid":{"rendered":"https:\/\/www.multifrigo.pl\/sklep\/produkt\/kostkarka-do-lodu-c26-bartscher-104049\/"},"modified":"2025-07-17T07:44:03","modified_gmt":"2025-07-17T07:44:03","slug":"kostkarka-do-lodu-c26-bartscher-104049","status":"publish","type":"product","link":"https:\/\/www.multifrigo.pl\/sklep\/produkt\/kostkarka-do-lodu-c26-bartscher-104049\/","title":{"rendered":"Kostkarka do lodu C26 | Bartscher 104049"},"content":{"rendered":"<p><b>Kostkarka do lodu C26<\/b><\/p>\n<p>Kostkarka do lodu z serii C: Sto\u017cek pusty przy pomocy pompy cyrkulacyjnej. Mo\u017cliwo\u015b\u0107 wyprodukowania do 25 kg lodu w kostkach w ci\u0105gu 24 godzin &ndash; absolutnie bez problemu za po\u015brednictwem sta\u0142ego przy\u0142\u0105cza wody.<\/p><\/p>\n","protected":false},"excerpt":{"rendered":"<p>Kostkarka do lodu C26 Kostkarka do lodu z serii C: Sto\u017cek pusty przy pomocy pompy cyrkulacyjnej. Mo\u017cliwo\u015b\u0107 wyprodukowania do 25 kg lodu w kostkach w ci\u0105gu 24 godzin &ndash; absolutnie bez problemu za po\u015brednictwem sta\u0142ego przy\u0142\u0105cza wody.<\/p>\n","protected":false},"featured_media":52818,"template":"","meta":{"_et_pb_use_builder":"","_et_pb_old_content":"","_et_gb_content_width":""},"pwb-brand":[1577],"product_brand":[],"product_cat":[534],"product_tag":[],"class_list":{"0":"post-49345","1":"product","2":"type-product","3":"status-publish","4":"has-post-thumbnail","6":"pwb-brand-bartscher","7":"product_cat-chlodzone-powietrzem","9":"first","10":"instock","11":"taxable","12":"shipping-taxable","13":"purchasable","14":"product-type-simple"},"brands":[{"id":1577,"name":"Bartscher","slug":"bartscher"}],"_links":{"self":[{"href":"https:\/\/www.multifrigo.pl\/sklep\/wp-json\/wp\/v2\/product\/49345","targetHints":{"allow":["GET"]}}],"collection":[{"href":"https:\/\/www.multifrigo.pl\/sklep\/wp-json\/wp\/v2\/product"}],"about":[{"href":"https:\/\/www.multifrigo.pl\/sklep\/wp-json\/wp\/v2\/types\/product"}],"wp:featuredmedia":[{"embeddable":true,"href":"https:\/\/www.multifrigo.pl\/sklep\/wp-json\/wp\/v2\/media\/52818"}],"wp:attachment":[{"href":"https:\/\/www.multifrigo.pl\/sklep\/wp-json\/wp\/v2\/media?parent=49345"}],"wp:term":[{"taxonomy":"pwb-brand","embeddable":true,"href":"https:\/\/www.multifrigo.pl\/sklep\/wp-json\/wp\/v2\/pwb-brand?post=49345"},{"taxonomy":"product_brand","embeddable":true,"href":"https:\/\/www.multifrigo.pl\/sklep\/wp-json\/wp\/v2\/product_brand?post=49345"},{"taxonomy":"product_cat","embeddable":true,"href":"https:\/\/www.multifrigo.pl\/sklep\/wp-json\/wp\/v2\/product_cat?post=49345"},{"taxonomy":"product_tag","embeddable":true,"href":"https:\/\/www.multifrigo.pl\/sklep\/wp-json\/wp\/v2\/product_tag?post=49345"}],"curies":[{"name":"wp","href":"https:\/\/api.w.org\/{rel}","templated":true}]}}