{"id":49352,"date":"2024-09-09T07:07:49","date_gmt":"2024-09-09T07:07:49","guid":{"rendered":"https:\/\/www.multifrigo.pl\/sklep\/produkt\/kostkarka-do-lodu-q-46-bartscher-104306\/"},"modified":"2025-07-17T07:44:10","modified_gmt":"2025-07-17T07:44:10","slug":"kostkarka-do-lodu-q-46-bartscher-104306","status":"publish","type":"product","link":"https:\/\/www.multifrigo.pl\/sklep\/produkt\/kostkarka-do-lodu-q-46-bartscher-104306\/","title":{"rendered":"Kostkarka do lodu Q 46 | Bartscher 104306"},"content":{"rendered":"<p><b>Kostkarka do lodu Q 46<\/b><\/p>\n<p>System \u0142opatkowy i parownik z ko\u0144c\u00f3wkami palcowymi przy braku pomp i dysz rozpryskowych gwarantuj\u0105 cich\u0105 i bezproblemow\u0105 prac\u0119 nawet w szczeg\u00f3lnie trudnych warunkach.<\/p><\/p>\n","protected":false},"excerpt":{"rendered":"<p>Kostkarka do lodu Q 46 System \u0142opatkowy i parownik z ko\u0144c\u00f3wkami palcowymi przy braku pomp i dysz rozpryskowych gwarantuj\u0105 cich\u0105 i bezproblemow\u0105 prac\u0119 nawet w szczeg\u00f3lnie trudnych warunkach.<\/p>\n","protected":false},"featured_media":52831,"template":"","meta":{"_et_pb_use_builder":"","_et_pb_old_content":"","_et_gb_content_width":""},"pwb-brand":[1577],"product_brand":[],"product_cat":[534],"product_tag":[],"class_list":{"0":"post-49352","1":"product","2":"type-product","3":"status-publish","4":"has-post-thumbnail","6":"pwb-brand-bartscher","7":"product_cat-chlodzone-powietrzem","9":"first","10":"instock","11":"taxable","12":"shipping-taxable","13":"purchasable","14":"product-type-simple"},"brands":[{"id":1577,"name":"Bartscher","slug":"bartscher"}],"_links":{"self":[{"href":"https:\/\/www.multifrigo.pl\/sklep\/wp-json\/wp\/v2\/product\/49352","targetHints":{"allow":["GET"]}}],"collection":[{"href":"https:\/\/www.multifrigo.pl\/sklep\/wp-json\/wp\/v2\/product"}],"about":[{"href":"https:\/\/www.multifrigo.pl\/sklep\/wp-json\/wp\/v2\/types\/product"}],"wp:featuredmedia":[{"embeddable":true,"href":"https:\/\/www.multifrigo.pl\/sklep\/wp-json\/wp\/v2\/media\/52831"}],"wp:attachment":[{"href":"https:\/\/www.multifrigo.pl\/sklep\/wp-json\/wp\/v2\/media?parent=49352"}],"wp:term":[{"taxonomy":"pwb-brand","embeddable":true,"href":"https:\/\/www.multifrigo.pl\/sklep\/wp-json\/wp\/v2\/pwb-brand?post=49352"},{"taxonomy":"product_brand","embeddable":true,"href":"https:\/\/www.multifrigo.pl\/sklep\/wp-json\/wp\/v2\/product_brand?post=49352"},{"taxonomy":"product_cat","embeddable":true,"href":"https:\/\/www.multifrigo.pl\/sklep\/wp-json\/wp\/v2\/product_cat?post=49352"},{"taxonomy":"product_tag","embeddable":true,"href":"https:\/\/www.multifrigo.pl\/sklep\/wp-json\/wp\/v2\/product_tag?post=49352"}],"curies":[{"name":"wp","href":"https:\/\/api.w.org\/{rel}","templated":true}]}}