{"id":49354,"date":"2024-09-09T07:07:57","date_gmt":"2024-09-09T07:07:57","guid":{"rendered":"https:\/\/www.multifrigo.pl\/sklep\/produkt\/kostkarka-do-lodu-w150-bartscher-100083\/"},"modified":"2025-07-17T07:41:52","modified_gmt":"2025-07-17T07:41:52","slug":"kostkarka-do-lodu-w150-bartscher-100083","status":"publish","type":"product","link":"https:\/\/www.multifrigo.pl\/sklep\/produkt\/kostkarka-do-lodu-w150-bartscher-100083\/","title":{"rendered":"Kostkarka do lodu W150 | Bartscher 100083"},"content":{"rendered":"<p><b>Kostkarka do lodu W150<\/b><\/p>\n<p>Kompaktowe urz\u0105dzenie do przygotowania krystalicznych kostek lodu. Doskonale sprawdzi si\u0119 w ma\u0142ej gastronomii, np. w bufecie \/ barze, a tak\u017ce w u\u017cytku prywatnym.<\/p><\/p>\n","protected":false},"excerpt":{"rendered":"<p>Kostkarka do lodu W150 Kompaktowe urz\u0105dzenie do przygotowania krystalicznych kostek lodu. Doskonale sprawdzi si\u0119 w ma\u0142ej gastronomii, np. w bufecie \/ barze, a tak\u017ce w u\u017cytku prywatnym.<\/p>\n","protected":false},"featured_media":52836,"template":"","meta":{"_et_pb_use_builder":"","_et_pb_old_content":"","_et_gb_content_width":""},"pwb-brand":[1577],"product_brand":[],"product_cat":[534],"product_tag":[],"class_list":{"0":"post-49354","1":"product","2":"type-product","3":"status-publish","4":"has-post-thumbnail","6":"pwb-brand-bartscher","7":"product_cat-chlodzone-powietrzem","9":"first","10":"instock","11":"taxable","12":"shipping-taxable","13":"purchasable","14":"product-type-simple"},"brands":[{"id":1577,"name":"Bartscher","slug":"bartscher"}],"_links":{"self":[{"href":"https:\/\/www.multifrigo.pl\/sklep\/wp-json\/wp\/v2\/product\/49354","targetHints":{"allow":["GET"]}}],"collection":[{"href":"https:\/\/www.multifrigo.pl\/sklep\/wp-json\/wp\/v2\/product"}],"about":[{"href":"https:\/\/www.multifrigo.pl\/sklep\/wp-json\/wp\/v2\/types\/product"}],"wp:featuredmedia":[{"embeddable":true,"href":"https:\/\/www.multifrigo.pl\/sklep\/wp-json\/wp\/v2\/media\/52836"}],"wp:attachment":[{"href":"https:\/\/www.multifrigo.pl\/sklep\/wp-json\/wp\/v2\/media?parent=49354"}],"wp:term":[{"taxonomy":"pwb-brand","embeddable":true,"href":"https:\/\/www.multifrigo.pl\/sklep\/wp-json\/wp\/v2\/pwb-brand?post=49354"},{"taxonomy":"product_brand","embeddable":true,"href":"https:\/\/www.multifrigo.pl\/sklep\/wp-json\/wp\/v2\/product_brand?post=49354"},{"taxonomy":"product_cat","embeddable":true,"href":"https:\/\/www.multifrigo.pl\/sklep\/wp-json\/wp\/v2\/product_cat?post=49354"},{"taxonomy":"product_tag","embeddable":true,"href":"https:\/\/www.multifrigo.pl\/sklep\/wp-json\/wp\/v2\/product_tag?post=49354"}],"curies":[{"name":"wp","href":"https:\/\/api.w.org\/{rel}","templated":true}]}}