{"id":49400,"date":"2024-09-09T07:10:30","date_gmt":"2024-09-09T07:10:30","guid":{"rendered":"https:\/\/www.multifrigo.pl\/sklep\/produkt\/kosz-do-frytownicy-20l-maly-bartscher-296633\/"},"modified":"2025-07-17T09:34:06","modified_gmt":"2025-07-17T09:34:06","slug":"kosz-do-frytownicy-20l-maly-bartscher-296633","status":"publish","type":"product","link":"https:\/\/www.multifrigo.pl\/sklep\/produkt\/kosz-do-frytownicy-20l-maly-bartscher-296633\/","title":{"rendered":"Kosz do frytownicy, 20L, ma\u0142y | Bartscher 296633"},"content":{"rendered":"<p><b>Kosz do frytownicy, 20L, ma\u0142y<\/b><\/p>\n<p>Solidne wykonanie z wysokiej jako\u015bci stali szlachetnej CrNiSi 18\/10 sprawia, \u017ce seria 900 Master to idealny wyb&oacute;r dla nowoczesnej i profesjonalnej kuchni o wysokich standardach. Najwy\u017csza jako\u015b\u0107, wszechstronno\u015b\u0107 i wysoka wydajno\u015b\u0107.<\/p><\/p>\n","protected":false},"excerpt":{"rendered":"<p>Kosz do frytownicy, 20L, ma\u0142y Solidne wykonanie z wysokiej jako\u015bci stali szlachetnej CrNiSi 18\/10 sprawia, \u017ce seria 900 Master to idealny wyb&oacute;r dla nowoczesnej i profesjonalnej kuchni o wysokich standardach. Najwy\u017csza jako\u015b\u0107, wszechstronno\u015b\u0107 i wysoka wydajno\u015b\u0107.<\/p>\n","protected":false},"featured_media":52903,"template":"","meta":{"_et_pb_use_builder":"","_et_pb_old_content":"","_et_gb_content_width":""},"pwb-brand":[1577],"product_brand":[],"product_cat":[447],"product_tag":[],"class_list":{"0":"post-49400","1":"product","2":"type-product","3":"status-publish","4":"has-post-thumbnail","6":"pwb-brand-bartscher","7":"product_cat-frytownice-gastronomiczne","9":"first","10":"instock","11":"taxable","12":"shipping-taxable","13":"purchasable","14":"product-type-simple"},"brands":[{"id":1577,"name":"Bartscher","slug":"bartscher"}],"_links":{"self":[{"href":"https:\/\/www.multifrigo.pl\/sklep\/wp-json\/wp\/v2\/product\/49400","targetHints":{"allow":["GET"]}}],"collection":[{"href":"https:\/\/www.multifrigo.pl\/sklep\/wp-json\/wp\/v2\/product"}],"about":[{"href":"https:\/\/www.multifrigo.pl\/sklep\/wp-json\/wp\/v2\/types\/product"}],"wp:featuredmedia":[{"embeddable":true,"href":"https:\/\/www.multifrigo.pl\/sklep\/wp-json\/wp\/v2\/media\/52903"}],"wp:attachment":[{"href":"https:\/\/www.multifrigo.pl\/sklep\/wp-json\/wp\/v2\/media?parent=49400"}],"wp:term":[{"taxonomy":"pwb-brand","embeddable":true,"href":"https:\/\/www.multifrigo.pl\/sklep\/wp-json\/wp\/v2\/pwb-brand?post=49400"},{"taxonomy":"product_brand","embeddable":true,"href":"https:\/\/www.multifrigo.pl\/sklep\/wp-json\/wp\/v2\/product_brand?post=49400"},{"taxonomy":"product_cat","embeddable":true,"href":"https:\/\/www.multifrigo.pl\/sklep\/wp-json\/wp\/v2\/product_cat?post=49400"},{"taxonomy":"product_tag","embeddable":true,"href":"https:\/\/www.multifrigo.pl\/sklep\/wp-json\/wp\/v2\/product_tag?post=49400"}],"curies":[{"name":"wp","href":"https:\/\/api.w.org\/{rel}","templated":true}]}}