{"id":49462,"date":"2024-09-09T07:13:42","date_gmt":"2024-09-09T07:13:42","guid":{"rendered":"https:\/\/www.multifrigo.pl\/sklep\/produkt\/kosz-na-sztucce-500x500x100-bartscher-5302\/"},"modified":"2025-07-17T09:42:49","modified_gmt":"2025-07-17T09:42:49","slug":"kosz-na-sztucce-500x500x100-bartscher-5302","status":"publish","type":"product","link":"https:\/\/www.multifrigo.pl\/sklep\/produkt\/kosz-na-sztucce-500x500x100-bartscher-5302\/","title":{"rendered":"Kosz na sztu\u0107ce 500x500x100 | Bartscher 5302"},"content":{"rendered":"<p><b>Kosz na sztu\u0107ce 500x500x100<\/b><\/p>\n<p>Kosze do zmywarek do naczy\u0144 marki Bartscher z mo\u017cliwo\u015bci\u0105 uk\u0142adania w stos wp\u0142ywaj\u0105 na doskona\u0142y efekt mycia, cechuj\u0105 si\u0119 \u0142atw\u0105 obs\u0142ug\u0105, a tak\u017ce zapewniaj\u0105 czyste i bezpieczne przechowywanie.<\/p><\/p>\n","protected":false},"excerpt":{"rendered":"<p>Kosz na sztu\u0107ce 500x500x100 Kosze do zmywarek do naczy\u0144 marki Bartscher z mo\u017cliwo\u015bci\u0105 uk\u0142adania w stos wp\u0142ywaj\u0105 na doskona\u0142y efekt mycia, cechuj\u0105 si\u0119 \u0142atw\u0105 obs\u0142ug\u0105, a tak\u017ce zapewniaj\u0105 czyste i bezpieczne przechowywanie.<\/p>\n","protected":false},"featured_media":52967,"template":"","meta":{"_et_pb_use_builder":"","_et_pb_old_content":"","_et_gb_content_width":""},"pwb-brand":[1577],"product_brand":[],"product_cat":[499],"product_tag":[],"class_list":{"0":"post-49462","1":"product","2":"type-product","3":"status-publish","4":"has-post-thumbnail","6":"pwb-brand-bartscher","7":"product_cat-kosze-do-zmywarek","9":"first","10":"instock","11":"taxable","12":"shipping-taxable","13":"purchasable","14":"product-type-simple"},"brands":[{"id":1577,"name":"Bartscher","slug":"bartscher"}],"_links":{"self":[{"href":"https:\/\/www.multifrigo.pl\/sklep\/wp-json\/wp\/v2\/product\/49462","targetHints":{"allow":["GET"]}}],"collection":[{"href":"https:\/\/www.multifrigo.pl\/sklep\/wp-json\/wp\/v2\/product"}],"about":[{"href":"https:\/\/www.multifrigo.pl\/sklep\/wp-json\/wp\/v2\/types\/product"}],"wp:featuredmedia":[{"embeddable":true,"href":"https:\/\/www.multifrigo.pl\/sklep\/wp-json\/wp\/v2\/media\/52967"}],"wp:attachment":[{"href":"https:\/\/www.multifrigo.pl\/sklep\/wp-json\/wp\/v2\/media?parent=49462"}],"wp:term":[{"taxonomy":"pwb-brand","embeddable":true,"href":"https:\/\/www.multifrigo.pl\/sklep\/wp-json\/wp\/v2\/pwb-brand?post=49462"},{"taxonomy":"product_brand","embeddable":true,"href":"https:\/\/www.multifrigo.pl\/sklep\/wp-json\/wp\/v2\/product_brand?post=49462"},{"taxonomy":"product_cat","embeddable":true,"href":"https:\/\/www.multifrigo.pl\/sklep\/wp-json\/wp\/v2\/product_cat?post=49462"},{"taxonomy":"product_tag","embeddable":true,"href":"https:\/\/www.multifrigo.pl\/sklep\/wp-json\/wp\/v2\/product_tag?post=49462"}],"curies":[{"name":"wp","href":"https:\/\/api.w.org\/{rel}","templated":true}]}}