{"id":49486,"date":"2024-09-09T07:14:59","date_gmt":"2024-09-09T07:14:59","guid":{"rendered":"https:\/\/www.multifrigo.pl\/sklep\/produkt\/kotleciarka-do-miesa-1ws2000-bartscher-a370254\/"},"modified":"2025-07-17T10:05:43","modified_gmt":"2025-07-17T10:05:43","slug":"kotleciarka-do-miesa-1ws2000-bartscher-a370254","status":"publish","type":"product","link":"https:\/\/www.multifrigo.pl\/sklep\/produkt\/kotleciarka-do-miesa-1ws2000-bartscher-a370254\/","title":{"rendered":"Kotleciarka do mi\u0119sa 1WS2000 | Bartscher A370254"},"content":{"rendered":"<p><b>Kotleciarka do mi\u0119sa 1WS2000<\/b><\/p>\n<p>Zalety, jakie niesie ze sob\u0105 rozbijanie mi\u0119sa bez ko\u015bci, s\u0105 oczywiste: delikatne mi\u0119so jako efekt ko\u0144cowy, kt\u00f3remu towarzyszy kr\u00f3tszy czas obr\u00f3bki termicznej. Mi\u0119so lepiej wch\u0142ania przyprawy i marynaty, co z kolei przek\u0142ada si\u0119 na intensywniejszy smak gotowego dania.<\/p><\/p>\n","protected":false},"excerpt":{"rendered":"<p>Kotleciarka do mi\u0119sa 1WS2000 Zalety, jakie niesie ze sob\u0105 rozbijanie mi\u0119sa bez ko\u015bci, s\u0105 oczywiste: delikatne mi\u0119so jako efekt ko\u0144cowy, kt\u00f3remu towarzyszy kr\u00f3tszy czas obr\u00f3bki termicznej. Mi\u0119so lepiej wch\u0142ania przyprawy i marynaty, co z kolei przek\u0142ada si\u0119 na intensywniejszy smak gotowego dania.<\/p>\n","protected":false},"featured_media":52990,"template":"","meta":{"_et_pb_use_builder":"","_et_pb_old_content":"","_et_gb_content_width":""},"pwb-brand":[1577],"product_brand":[],"product_cat":[431],"product_tag":[],"class_list":{"0":"post-49486","1":"product","2":"type-product","3":"status-publish","4":"has-post-thumbnail","6":"pwb-brand-bartscher","7":"product_cat-kotleciarki","9":"first","10":"instock","11":"taxable","12":"shipping-taxable","13":"purchasable","14":"product-type-simple"},"brands":[{"id":1577,"name":"Bartscher","slug":"bartscher"}],"_links":{"self":[{"href":"https:\/\/www.multifrigo.pl\/sklep\/wp-json\/wp\/v2\/product\/49486","targetHints":{"allow":["GET"]}}],"collection":[{"href":"https:\/\/www.multifrigo.pl\/sklep\/wp-json\/wp\/v2\/product"}],"about":[{"href":"https:\/\/www.multifrigo.pl\/sklep\/wp-json\/wp\/v2\/types\/product"}],"wp:featuredmedia":[{"embeddable":true,"href":"https:\/\/www.multifrigo.pl\/sklep\/wp-json\/wp\/v2\/media\/52990"}],"wp:attachment":[{"href":"https:\/\/www.multifrigo.pl\/sklep\/wp-json\/wp\/v2\/media?parent=49486"}],"wp:term":[{"taxonomy":"pwb-brand","embeddable":true,"href":"https:\/\/www.multifrigo.pl\/sklep\/wp-json\/wp\/v2\/pwb-brand?post=49486"},{"taxonomy":"product_brand","embeddable":true,"href":"https:\/\/www.multifrigo.pl\/sklep\/wp-json\/wp\/v2\/product_brand?post=49486"},{"taxonomy":"product_cat","embeddable":true,"href":"https:\/\/www.multifrigo.pl\/sklep\/wp-json\/wp\/v2\/product_cat?post=49486"},{"taxonomy":"product_tag","embeddable":true,"href":"https:\/\/www.multifrigo.pl\/sklep\/wp-json\/wp\/v2\/product_tag?post=49486"}],"curies":[{"name":"wp","href":"https:\/\/api.w.org\/{rel}","templated":true}]}}