{"id":49555,"date":"2024-09-09T07:19:02","date_gmt":"2024-09-09T07:19:02","guid":{"rendered":"https:\/\/www.multifrigo.pl\/sklep\/produkt\/kuchenka-indukcyjna-2-palnikowa-gu-bartscher-105764\/"},"modified":"2025-07-17T07:44:59","modified_gmt":"2025-07-17T07:44:59","slug":"kuchenka-indukcyjna-2-palnikowa-gu-bartscher-105764","status":"publish","type":"product","link":"https:\/\/www.multifrigo.pl\/sklep\/produkt\/kuchenka-indukcyjna-2-palnikowa-gu-bartscher-105764\/","title":{"rendered":"Kuchenka indukcyjna 2-palnikowa GU | Bartscher 105764"},"content":{"rendered":"<p><b>Kuchenka indukcyjna 2-palnikowa GU<\/b><\/p>\n<p>Dzi\u0119ki 2-palnikowej kuchence indukcyjnej GU zyskasz niezawodnego partnera w kuchni, kt\u00f3ry nie zajmie wiele miejsca. Szklane pole grzewcze zapewni wystarczaj\u0105c\u0105 przestrze\u0144 do pracy, a ca\u0142kowita moc 8,5 kW mo\u017ce by\u0107 sterowana za pomoc\u0105 stopni mocy lub temperatury. Zamkni\u0119ta drzwiami skrzyd\u0142owymi podstawa to miejsce, w kt\u00f3rym schowasz garnki i patelnie.<\/p><\/p>\n","protected":false},"excerpt":{"rendered":"<p>Kuchenka indukcyjna 2-palnikowa GU Dzi\u0119ki 2-palnikowej kuchence indukcyjnej GU zyskasz niezawodnego partnera w kuchni, kt\u00f3ry nie zajmie wiele miejsca. Szklane pole grzewcze zapewni wystarczaj\u0105c\u0105 przestrze\u0144 do pracy, a ca\u0142kowita moc 8,5 kW mo\u017ce by\u0107 sterowana za pomoc\u0105 stopni mocy lub temperatury. Zamkni\u0119ta drzwiami skrzyd\u0142owymi podstawa to miejsce, w kt\u00f3rym schowasz garnki i patelnie.<\/p>\n","protected":false},"featured_media":53180,"template":"","meta":{"_et_pb_use_builder":"","_et_pb_old_content":"","_et_gb_content_width":""},"pwb-brand":[1577],"product_brand":[],"product_cat":[581],"product_tag":[],"class_list":{"0":"post-49555","1":"product","2":"type-product","3":"status-publish","4":"has-post-thumbnail","6":"pwb-brand-bartscher","7":"product_cat-2-polowe","9":"first","10":"instock","11":"taxable","12":"shipping-taxable","13":"purchasable","14":"product-type-simple"},"brands":[{"id":1577,"name":"Bartscher","slug":"bartscher"}],"_links":{"self":[{"href":"https:\/\/www.multifrigo.pl\/sklep\/wp-json\/wp\/v2\/product\/49555","targetHints":{"allow":["GET"]}}],"collection":[{"href":"https:\/\/www.multifrigo.pl\/sklep\/wp-json\/wp\/v2\/product"}],"about":[{"href":"https:\/\/www.multifrigo.pl\/sklep\/wp-json\/wp\/v2\/types\/product"}],"wp:featuredmedia":[{"embeddable":true,"href":"https:\/\/www.multifrigo.pl\/sklep\/wp-json\/wp\/v2\/media\/53180"}],"wp:attachment":[{"href":"https:\/\/www.multifrigo.pl\/sklep\/wp-json\/wp\/v2\/media?parent=49555"}],"wp:term":[{"taxonomy":"pwb-brand","embeddable":true,"href":"https:\/\/www.multifrigo.pl\/sklep\/wp-json\/wp\/v2\/pwb-brand?post=49555"},{"taxonomy":"product_brand","embeddable":true,"href":"https:\/\/www.multifrigo.pl\/sklep\/wp-json\/wp\/v2\/product_brand?post=49555"},{"taxonomy":"product_cat","embeddable":true,"href":"https:\/\/www.multifrigo.pl\/sklep\/wp-json\/wp\/v2\/product_cat?post=49555"},{"taxonomy":"product_tag","embeddable":true,"href":"https:\/\/www.multifrigo.pl\/sklep\/wp-json\/wp\/v2\/product_tag?post=49555"}],"curies":[{"name":"wp","href":"https:\/\/api.w.org\/{rel}","templated":true}]}}