{"id":49556,"date":"2024-09-09T07:19:05","date_gmt":"2024-09-09T07:19:05","guid":{"rendered":"https:\/\/www.multifrigo.pl\/sklep\/produkt\/kuchenka-indukcyjna-201tc-bartscher-105827\/"},"modified":"2025-07-17T07:45:05","modified_gmt":"2025-07-17T07:45:05","slug":"kuchenka-indukcyjna-201tc-bartscher-105827","status":"publish","type":"product","link":"https:\/\/www.multifrigo.pl\/sklep\/produkt\/kuchenka-indukcyjna-201tc-bartscher-105827\/","title":{"rendered":"Kuchenka indukcyjna 201TC | Bartscher 105827"},"content":{"rendered":"<p><b>Kuchenka indukcyjna 201TC<\/b><\/p>\n<p>Kuchenka indukcyjna do zabudowy 201TC z wy\u015bwietlaczem dotykowym nadaje si\u0119 idealnie do gotowania otwartego przy sali jadalnej oraz do bufet\u00f3w. Dzi\u0119ki mocy 2\u00a0kW jest ona w stanie bez problemu sprosta\u0107 codziennym wyzwaniom.<\/p><\/p>\n","protected":false},"excerpt":{"rendered":"<p>Kuchenka indukcyjna 201TC Kuchenka indukcyjna do zabudowy 201TC z wy\u015bwietlaczem dotykowym nadaje si\u0119 idealnie do gotowania otwartego przy sali jadalnej oraz do bufet\u00f3w. Dzi\u0119ki mocy 2\u00a0kW jest ona w stanie bez problemu sprosta\u0107 codziennym wyzwaniom.<\/p>\n","protected":false},"featured_media":53187,"template":"","meta":{"_et_pb_use_builder":"","_et_pb_old_content":"","_et_gb_content_width":""},"pwb-brand":[1577],"product_brand":[],"product_cat":[2591],"product_tag":[],"class_list":{"0":"post-49556","1":"product","2":"type-product","3":"status-publish","4":"has-post-thumbnail","6":"pwb-brand-bartscher","7":"product_cat-kuchenki-indukcyjne-kuchenki-nastawne","9":"first","10":"instock","11":"taxable","12":"shipping-taxable","13":"purchasable","14":"product-type-simple"},"brands":[{"id":1577,"name":"Bartscher","slug":"bartscher"}],"_links":{"self":[{"href":"https:\/\/www.multifrigo.pl\/sklep\/wp-json\/wp\/v2\/product\/49556","targetHints":{"allow":["GET"]}}],"collection":[{"href":"https:\/\/www.multifrigo.pl\/sklep\/wp-json\/wp\/v2\/product"}],"about":[{"href":"https:\/\/www.multifrigo.pl\/sklep\/wp-json\/wp\/v2\/types\/product"}],"wp:featuredmedia":[{"embeddable":true,"href":"https:\/\/www.multifrigo.pl\/sklep\/wp-json\/wp\/v2\/media\/53187"}],"wp:attachment":[{"href":"https:\/\/www.multifrigo.pl\/sklep\/wp-json\/wp\/v2\/media?parent=49556"}],"wp:term":[{"taxonomy":"pwb-brand","embeddable":true,"href":"https:\/\/www.multifrigo.pl\/sklep\/wp-json\/wp\/v2\/pwb-brand?post=49556"},{"taxonomy":"product_brand","embeddable":true,"href":"https:\/\/www.multifrigo.pl\/sklep\/wp-json\/wp\/v2\/product_brand?post=49556"},{"taxonomy":"product_cat","embeddable":true,"href":"https:\/\/www.multifrigo.pl\/sklep\/wp-json\/wp\/v2\/product_cat?post=49556"},{"taxonomy":"product_tag","embeddable":true,"href":"https:\/\/www.multifrigo.pl\/sklep\/wp-json\/wp\/v2\/product_tag?post=49556"}],"curies":[{"name":"wp","href":"https:\/\/api.w.org\/{rel}","templated":true}]}}