{"id":49565,"date":"2024-09-09T07:19:34","date_gmt":"2024-09-09T07:19:34","guid":{"rendered":"https:\/\/www.multifrigo.pl\/sklep\/produkt\/kuchenka-indukcyjna-4-palnikowa-gu-bartscher-105765\/"},"modified":"2025-07-17T07:45:00","modified_gmt":"2025-07-17T07:45:00","slug":"kuchenka-indukcyjna-4-palnikowa-gu-bartscher-105765","status":"publish","type":"product","link":"https:\/\/www.multifrigo.pl\/sklep\/produkt\/kuchenka-indukcyjna-4-palnikowa-gu-bartscher-105765\/","title":{"rendered":"Kuchenka indukcyjna 4-palnikowa GU | Bartscher 105765"},"content":{"rendered":"<p><b>Kuchenka indukcyjna 4-palnikowa GU<\/b><\/p>\n<p>Dzi\u0119ki 4-palnikowej kuchence indukcyjnej GU zyskasz niezawodnego partnera w kuchni, kt\u00f3ry zapewni dostateczn\u0105 moc. Dzielone, szklane pole grzewcze zapewni rewelacyjn\u0105 przestrze\u0144 do pracy, a ca\u0142kowita moc 17 kW mo\u017ce by\u0107 sterowana za pomoc\u0105 stopni mocy lub temperatury.<\/p><\/p>\n","protected":false},"excerpt":{"rendered":"<p>Kuchenka indukcyjna 4-palnikowa GU Dzi\u0119ki 4-palnikowej kuchence indukcyjnej GU zyskasz niezawodnego partnera w kuchni, kt\u00f3ry zapewni dostateczn\u0105 moc. Dzielone, szklane pole grzewcze zapewni rewelacyjn\u0105 przestrze\u0144 do pracy, a ca\u0142kowita moc 17 kW mo\u017ce by\u0107 sterowana za pomoc\u0105 stopni mocy lub temperatury.<\/p>\n","protected":false},"featured_media":53215,"template":"","meta":{"_et_pb_use_builder":"","_et_pb_old_content":"","_et_gb_content_width":""},"pwb-brand":[1577],"product_brand":[],"product_cat":[587],"product_tag":[],"class_list":{"0":"post-49565","1":"product","2":"type-product","3":"status-publish","4":"has-post-thumbnail","6":"pwb-brand-bartscher","7":"product_cat-4-polowe","9":"first","10":"instock","11":"taxable","12":"shipping-taxable","13":"purchasable","14":"product-type-simple"},"brands":[{"id":1577,"name":"Bartscher","slug":"bartscher"}],"_links":{"self":[{"href":"https:\/\/www.multifrigo.pl\/sklep\/wp-json\/wp\/v2\/product\/49565","targetHints":{"allow":["GET"]}}],"collection":[{"href":"https:\/\/www.multifrigo.pl\/sklep\/wp-json\/wp\/v2\/product"}],"about":[{"href":"https:\/\/www.multifrigo.pl\/sklep\/wp-json\/wp\/v2\/types\/product"}],"wp:featuredmedia":[{"embeddable":true,"href":"https:\/\/www.multifrigo.pl\/sklep\/wp-json\/wp\/v2\/media\/53215"}],"wp:attachment":[{"href":"https:\/\/www.multifrigo.pl\/sklep\/wp-json\/wp\/v2\/media?parent=49565"}],"wp:term":[{"taxonomy":"pwb-brand","embeddable":true,"href":"https:\/\/www.multifrigo.pl\/sklep\/wp-json\/wp\/v2\/pwb-brand?post=49565"},{"taxonomy":"product_brand","embeddable":true,"href":"https:\/\/www.multifrigo.pl\/sklep\/wp-json\/wp\/v2\/product_brand?post=49565"},{"taxonomy":"product_cat","embeddable":true,"href":"https:\/\/www.multifrigo.pl\/sklep\/wp-json\/wp\/v2\/product_cat?post=49565"},{"taxonomy":"product_tag","embeddable":true,"href":"https:\/\/www.multifrigo.pl\/sklep\/wp-json\/wp\/v2\/product_tag?post=49565"}],"curies":[{"name":"wp","href":"https:\/\/api.w.org\/{rel}","templated":true}]}}