{"id":49585,"date":"2024-09-09T07:20:48","date_gmt":"2024-09-09T07:20:48","guid":{"rendered":"https:\/\/www.multifrigo.pl\/sklep\/produkt\/kuchenka-indukcyjna-ik-35tc-sw-bartscher-105926\/"},"modified":"2025-07-17T07:45:47","modified_gmt":"2025-07-17T07:45:47","slug":"kuchenka-indukcyjna-ik-35tc-sw-bartscher-105926","status":"publish","type":"product","link":"https:\/\/www.multifrigo.pl\/sklep\/produkt\/kuchenka-indukcyjna-ik-35tc-sw-bartscher-105926\/","title":{"rendered":"Kuchenka indukcyjna IK 35TC-SW | Bartscher 105926"},"content":{"rendered":"<p><b>Kuchenka indukcyjna IK 35TC-SW<\/b><\/p>\n<p>Kuchenka indukcyjna z praktycznym timerem i obs\u0142ug\u0105 dotykow\u0105. Pole grzewcze o mocy 3500 W mo\u017cna regulowa\u0107 za pomoc\u0105 zakresu temperatury lub ustawienia mocy.<\/p><\/p>\n","protected":false},"excerpt":{"rendered":"<p>Kuchenka indukcyjna IK 35TC-SW Kuchenka indukcyjna z praktycznym timerem i obs\u0142ug\u0105 dotykow\u0105. Pole grzewcze o mocy 3500 W mo\u017cna regulowa\u0107 za pomoc\u0105 zakresu temperatury lub ustawienia mocy.<\/p>\n","protected":false},"featured_media":53278,"template":"","meta":{"_et_pb_use_builder":"","_et_pb_old_content":"","_et_gb_content_width":""},"pwb-brand":[1577],"product_brand":[],"product_cat":[2591],"product_tag":[],"class_list":{"0":"post-49585","1":"product","2":"type-product","3":"status-publish","4":"has-post-thumbnail","6":"pwb-brand-bartscher","7":"product_cat-kuchenki-indukcyjne-kuchenki-nastawne","9":"first","10":"instock","11":"taxable","12":"shipping-taxable","13":"purchasable","14":"product-type-simple"},"brands":[{"id":1577,"name":"Bartscher","slug":"bartscher"}],"_links":{"self":[{"href":"https:\/\/www.multifrigo.pl\/sklep\/wp-json\/wp\/v2\/product\/49585","targetHints":{"allow":["GET"]}}],"collection":[{"href":"https:\/\/www.multifrigo.pl\/sklep\/wp-json\/wp\/v2\/product"}],"about":[{"href":"https:\/\/www.multifrigo.pl\/sklep\/wp-json\/wp\/v2\/types\/product"}],"wp:featuredmedia":[{"embeddable":true,"href":"https:\/\/www.multifrigo.pl\/sklep\/wp-json\/wp\/v2\/media\/53278"}],"wp:attachment":[{"href":"https:\/\/www.multifrigo.pl\/sklep\/wp-json\/wp\/v2\/media?parent=49585"}],"wp:term":[{"taxonomy":"pwb-brand","embeddable":true,"href":"https:\/\/www.multifrigo.pl\/sklep\/wp-json\/wp\/v2\/pwb-brand?post=49585"},{"taxonomy":"product_brand","embeddable":true,"href":"https:\/\/www.multifrigo.pl\/sklep\/wp-json\/wp\/v2\/product_brand?post=49585"},{"taxonomy":"product_cat","embeddable":true,"href":"https:\/\/www.multifrigo.pl\/sklep\/wp-json\/wp\/v2\/product_cat?post=49585"},{"taxonomy":"product_tag","embeddable":true,"href":"https:\/\/www.multifrigo.pl\/sklep\/wp-json\/wp\/v2\/product_tag?post=49585"}],"curies":[{"name":"wp","href":"https:\/\/api.w.org\/{rel}","templated":true}]}}