{"id":49661,"date":"2024-09-09T07:24:30","date_gmt":"2024-09-09T07:24:30","guid":{"rendered":"https:\/\/www.multifrigo.pl\/sklep\/produkt\/kuchnia-elektryczna-4-plytowa-podstawa-otwarta-bartscher-296215\/"},"modified":"2025-07-17T08:59:18","modified_gmt":"2025-07-17T08:59:18","slug":"kuchnia-elektryczna-4-plytowa-podstawa-otwarta-bartscher-296215","status":"publish","type":"product","link":"https:\/\/www.multifrigo.pl\/sklep\/produkt\/kuchnia-elektryczna-4-plytowa-podstawa-otwarta-bartscher-296215\/","title":{"rendered":"Kuchnia elektryczna 4-p\u0142ytowa, podstawa otwarta | Bartscher 296215"},"content":{"rendered":"<p><b>Kuchnia elektryczna 4-p\u0142ytowa, podstawa otwarta<\/b><\/p>\n<p>Solidne wykonanie z wysokiej jako\u015bci stali szlachetnej CrNiSi 18\/10 sprawia, \u017ce seria 900 Master to idealny wyb&oacute;r dla nowoczesnej i profesjonalnej kuchni o wysokich standardach. Najwy\u017csza jako\u015b\u0107, wszechstronno\u015b\u0107 i wysoka wydajno\u015b\u0107.<\/p><\/p>\n","protected":false},"excerpt":{"rendered":"<p>Kuchnia elektryczna 4-p\u0142ytowa, podstawa otwarta Solidne wykonanie z wysokiej jako\u015bci stali szlachetnej CrNiSi 18\/10 sprawia, \u017ce seria 900 Master to idealny wyb&oacute;r dla nowoczesnej i profesjonalnej kuchni o wysokich standardach. Najwy\u017csza jako\u015b\u0107, wszechstronno\u015b\u0107 i wysoka wydajno\u015b\u0107.<\/p>\n","protected":false},"featured_media":53374,"template":"","meta":{"_et_pb_use_builder":"","_et_pb_old_content":"","_et_gb_content_width":""},"pwb-brand":[1577],"product_brand":[],"product_cat":[586],"product_tag":[],"class_list":{"0":"post-49661","1":"product","2":"type-product","3":"status-publish","4":"has-post-thumbnail","6":"pwb-brand-bartscher","7":"product_cat-4-plytowe","9":"first","10":"instock","11":"taxable","12":"shipping-taxable","13":"purchasable","14":"product-type-simple"},"brands":[{"id":1577,"name":"Bartscher","slug":"bartscher"}],"_links":{"self":[{"href":"https:\/\/www.multifrigo.pl\/sklep\/wp-json\/wp\/v2\/product\/49661","targetHints":{"allow":["GET"]}}],"collection":[{"href":"https:\/\/www.multifrigo.pl\/sklep\/wp-json\/wp\/v2\/product"}],"about":[{"href":"https:\/\/www.multifrigo.pl\/sklep\/wp-json\/wp\/v2\/types\/product"}],"wp:featuredmedia":[{"embeddable":true,"href":"https:\/\/www.multifrigo.pl\/sklep\/wp-json\/wp\/v2\/media\/53374"}],"wp:attachment":[{"href":"https:\/\/www.multifrigo.pl\/sklep\/wp-json\/wp\/v2\/media?parent=49661"}],"wp:term":[{"taxonomy":"pwb-brand","embeddable":true,"href":"https:\/\/www.multifrigo.pl\/sklep\/wp-json\/wp\/v2\/pwb-brand?post=49661"},{"taxonomy":"product_brand","embeddable":true,"href":"https:\/\/www.multifrigo.pl\/sklep\/wp-json\/wp\/v2\/product_brand?post=49661"},{"taxonomy":"product_cat","embeddable":true,"href":"https:\/\/www.multifrigo.pl\/sklep\/wp-json\/wp\/v2\/product_cat?post=49661"},{"taxonomy":"product_tag","embeddable":true,"href":"https:\/\/www.multifrigo.pl\/sklep\/wp-json\/wp\/v2\/product_tag?post=49661"}],"curies":[{"name":"wp","href":"https:\/\/api.w.org\/{rel}","templated":true}]}}