{"id":49662,"date":"2024-09-09T07:24:34","date_gmt":"2024-09-09T07:24:34","guid":{"rendered":"https:\/\/www.multifrigo.pl\/sklep\/produkt\/kuchnia-elektryczna-4-plytowa-z-wielofunkcyjnym-piekarnikiem-elektrycznym-bartscher-131764\/"},"modified":"2025-07-17T08:40:48","modified_gmt":"2025-07-17T08:40:48","slug":"kuchnia-elektryczna-4-plytowa-z-wielofunkcyjnym-piekarnikiem-elektrycznym-bartscher-131764","status":"publish","type":"product","link":"https:\/\/www.multifrigo.pl\/sklep\/produkt\/kuchnia-elektryczna-4-plytowa-z-wielofunkcyjnym-piekarnikiem-elektrycznym-bartscher-131764\/","title":{"rendered":"Kuchnia elektryczna 4-p\u0142ytowa z wielofunkcyjnym piekarnikiem elektrycznym | Bartscher 131764"},"content":{"rendered":"<p><b>Kuchnia elektryczna 4-p\u0142ytowa z wielofunkcyjnym piekarnikiem elektrycznym<\/b><\/p>\n<p>Seria 600 &#8211; Wydajne urz\u0105dzenia do gotowania w praktycznej zabudowie modu\u0142owej, zajmuj\u0105cej niewiele miejsca. Budowa i wyposa\u017cenie wed\u0142ug potrzeb. Urz\u0105dzenia z wysokowarto\u015bciowej stali chromowo-niklowej 18\/10 w kompaktowym wykonaniu. D\u0142ugi czas u\u017cytkowania urz\u0105dze\u0144.<\/p><\/p>\n","protected":false},"excerpt":{"rendered":"<p>Kuchnia elektryczna 4-p\u0142ytowa z wielofunkcyjnym piekarnikiem elektrycznym Seria 600 &#8211; Wydajne urz\u0105dzenia do gotowania w praktycznej zabudowie modu\u0142owej, zajmuj\u0105cej niewiele miejsca. Budowa i wyposa\u017cenie wed\u0142ug potrzeb. Urz\u0105dzenia z wysokowarto\u015bciowej stali chromowo-niklowej 18\/10 w kompaktowym wykonaniu. D\u0142ugi czas u\u017cytkowania urz\u0105dze\u0144.<\/p>\n","protected":false},"featured_media":53377,"template":"","meta":{"_et_pb_use_builder":"","_et_pb_old_content":"","_et_gb_content_width":""},"pwb-brand":[1577],"product_brand":[],"product_cat":[5022],"product_tag":[],"class_list":{"0":"post-49662","1":"product","2":"type-product","3":"status-publish","4":"has-post-thumbnail","6":"pwb-brand-bartscher","7":"product_cat-4-plytowe-z-piekarnikiem","9":"first","10":"instock","11":"taxable","12":"shipping-taxable","13":"purchasable","14":"product-type-simple"},"brands":[{"id":1577,"name":"Bartscher","slug":"bartscher"}],"_links":{"self":[{"href":"https:\/\/www.multifrigo.pl\/sklep\/wp-json\/wp\/v2\/product\/49662","targetHints":{"allow":["GET"]}}],"collection":[{"href":"https:\/\/www.multifrigo.pl\/sklep\/wp-json\/wp\/v2\/product"}],"about":[{"href":"https:\/\/www.multifrigo.pl\/sklep\/wp-json\/wp\/v2\/types\/product"}],"wp:featuredmedia":[{"embeddable":true,"href":"https:\/\/www.multifrigo.pl\/sklep\/wp-json\/wp\/v2\/media\/53377"}],"wp:attachment":[{"href":"https:\/\/www.multifrigo.pl\/sklep\/wp-json\/wp\/v2\/media?parent=49662"}],"wp:term":[{"taxonomy":"pwb-brand","embeddable":true,"href":"https:\/\/www.multifrigo.pl\/sklep\/wp-json\/wp\/v2\/pwb-brand?post=49662"},{"taxonomy":"product_brand","embeddable":true,"href":"https:\/\/www.multifrigo.pl\/sklep\/wp-json\/wp\/v2\/product_brand?post=49662"},{"taxonomy":"product_cat","embeddable":true,"href":"https:\/\/www.multifrigo.pl\/sklep\/wp-json\/wp\/v2\/product_cat?post=49662"},{"taxonomy":"product_tag","embeddable":true,"href":"https:\/\/www.multifrigo.pl\/sklep\/wp-json\/wp\/v2\/product_tag?post=49662"}],"curies":[{"name":"wp","href":"https:\/\/api.w.org\/{rel}","templated":true}]}}