{"id":49718,"date":"2024-09-09T07:26:59","date_gmt":"2024-09-09T07:26:59","guid":{"rendered":"https:\/\/www.multifrigo.pl\/sklep\/produkt\/kuchnia-elektryczna-900-szer-900-4pl-pel-bartscher-296325\/"},"modified":"2025-07-17T08:59:45","modified_gmt":"2025-07-17T08:59:45","slug":"kuchnia-elektryczna-900-szer-900-4pl-pel-bartscher-296325","status":"publish","type":"product","link":"https:\/\/www.multifrigo.pl\/sklep\/produkt\/kuchnia-elektryczna-900-szer-900-4pl-pel-bartscher-296325\/","title":{"rendered":"Kuchnia elektryczna 900, szer. 900 4PL, PEl | Bartscher 296325"},"content":{"rendered":"<p><b>Kuchnia elektryczna 900, szer. 900 4PL, PEl<\/b><\/p>\n<p>Solidne wykonanie z wysokiej jako\u015bci stali szlachetnej CrNiSi 18\/10 sprawia, \u017ce seria 900 Master to idealny wyb&oacute;r dla nowoczesnej i profesjonalnej kuchni o wysokich standardach. Najwy\u017csza jako\u015b\u0107, wszechstronno\u015b\u0107 i wysoka wydajno\u015b\u0107.<\/p><\/p>\n","protected":false},"excerpt":{"rendered":"<p>Kuchnia elektryczna 900, szer. 900 4PL, PEl Solidne wykonanie z wysokiej jako\u015bci stali szlachetnej CrNiSi 18\/10 sprawia, \u017ce seria 900 Master to idealny wyb&oacute;r dla nowoczesnej i profesjonalnej kuchni o wysokich standardach. Najwy\u017csza jako\u015b\u0107, wszechstronno\u015b\u0107 i wysoka wydajno\u015b\u0107.<\/p>\n","protected":false},"featured_media":53387,"template":"","meta":{"_et_pb_use_builder":"","_et_pb_old_content":"","_et_gb_content_width":""},"pwb-brand":[1577],"product_brand":[],"product_cat":[5022],"product_tag":[],"class_list":{"0":"post-49718","1":"product","2":"type-product","3":"status-publish","4":"has-post-thumbnail","6":"pwb-brand-bartscher","7":"product_cat-4-plytowe-z-piekarnikiem","9":"first","10":"instock","11":"taxable","12":"shipping-taxable","13":"purchasable","14":"product-type-simple"},"brands":[{"id":1577,"name":"Bartscher","slug":"bartscher"}],"_links":{"self":[{"href":"https:\/\/www.multifrigo.pl\/sklep\/wp-json\/wp\/v2\/product\/49718","targetHints":{"allow":["GET"]}}],"collection":[{"href":"https:\/\/www.multifrigo.pl\/sklep\/wp-json\/wp\/v2\/product"}],"about":[{"href":"https:\/\/www.multifrigo.pl\/sklep\/wp-json\/wp\/v2\/types\/product"}],"wp:featuredmedia":[{"embeddable":true,"href":"https:\/\/www.multifrigo.pl\/sklep\/wp-json\/wp\/v2\/media\/53387"}],"wp:attachment":[{"href":"https:\/\/www.multifrigo.pl\/sklep\/wp-json\/wp\/v2\/media?parent=49718"}],"wp:term":[{"taxonomy":"pwb-brand","embeddable":true,"href":"https:\/\/www.multifrigo.pl\/sklep\/wp-json\/wp\/v2\/pwb-brand?post=49718"},{"taxonomy":"product_brand","embeddable":true,"href":"https:\/\/www.multifrigo.pl\/sklep\/wp-json\/wp\/v2\/product_brand?post=49718"},{"taxonomy":"product_cat","embeddable":true,"href":"https:\/\/www.multifrigo.pl\/sklep\/wp-json\/wp\/v2\/product_cat?post=49718"},{"taxonomy":"product_tag","embeddable":true,"href":"https:\/\/www.multifrigo.pl\/sklep\/wp-json\/wp\/v2\/product_tag?post=49718"}],"curies":[{"name":"wp","href":"https:\/\/api.w.org\/{rel}","templated":true}]}}