{"id":49744,"date":"2024-09-09T07:28:07","date_gmt":"2024-09-09T07:28:07","guid":{"rendered":"https:\/\/www.multifrigo.pl\/sklep\/produkt\/kuchnia-elektryczna-700-b1200-6pl-ebo-bartscher-286347\/"},"modified":"2025-07-17T08:56:51","modified_gmt":"2025-07-17T08:56:51","slug":"kuchnia-elektryczna-700-b1200-6pl-ebo-bartscher-286347","status":"publish","type":"product","link":"https:\/\/www.multifrigo.pl\/sklep\/produkt\/kuchnia-elektryczna-700-b1200-6pl-ebo-bartscher-286347\/","title":{"rendered":"Kuchnia elektryczna 700, B1200, 6PL, EBO | Bartscher 286347"},"content":{"rendered":"<p><b>Kuchnia elektryczna 700, B1200, 6PL, EBO<\/b><\/p>\n<p>Przemy\u015blana w ka\u017cdym calu i po prostu \u201enie do zdarcia\u201d \u2013 seria 700 Classic. Profesjonalna seria z wytrzyma\u0142ej stali chromowo-niklowej 18\/10 to podstawa ka\u017cdej kuchni gastronomicznej. Dzi\u0119ki modu\u0142owej konstrukcji urz\u0105dzenia mo\u017cna dostosowa\u0107 do indywidualnych potrzeb, gwarantuj\u0105c tym samym niezawodno\u015b\u0107, wydajno\u015b\u0107 i wygod\u0119 dla u\u017cytkownika.<\/p><\/p>\n","protected":false},"excerpt":{"rendered":"<p>Kuchnia elektryczna 700, B1200, 6PL, EBO Przemy\u015blana w ka\u017cdym calu i po prostu \u201enie do zdarcia\u201d \u2013 seria 700 Classic. Profesjonalna seria z wytrzyma\u0142ej stali chromowo-niklowej 18\/10 to podstawa ka\u017cdej kuchni gastronomicznej. Dzi\u0119ki modu\u0142owej konstrukcji urz\u0105dzenia mo\u017cna dostosowa\u0107 do indywidualnych potrzeb, gwarantuj\u0105c tym samym niezawodno\u015b\u0107, wydajno\u015b\u0107 i wygod\u0119 dla u\u017cytkownika.<\/p>\n","protected":false},"featured_media":53406,"template":"","meta":{"_et_pb_use_builder":"","_et_pb_old_content":"","_et_gb_content_width":""},"pwb-brand":[1577],"product_brand":[],"product_cat":[590],"product_tag":[],"class_list":{"0":"post-49744","1":"product","2":"type-product","3":"status-publish","4":"has-post-thumbnail","6":"pwb-brand-bartscher","7":"product_cat-6-plytowe","9":"first","10":"instock","11":"taxable","12":"shipping-taxable","13":"purchasable","14":"product-type-simple"},"brands":[{"id":1577,"name":"Bartscher","slug":"bartscher"}],"_links":{"self":[{"href":"https:\/\/www.multifrigo.pl\/sklep\/wp-json\/wp\/v2\/product\/49744","targetHints":{"allow":["GET"]}}],"collection":[{"href":"https:\/\/www.multifrigo.pl\/sklep\/wp-json\/wp\/v2\/product"}],"about":[{"href":"https:\/\/www.multifrigo.pl\/sklep\/wp-json\/wp\/v2\/types\/product"}],"wp:featuredmedia":[{"embeddable":true,"href":"https:\/\/www.multifrigo.pl\/sklep\/wp-json\/wp\/v2\/media\/53406"}],"wp:attachment":[{"href":"https:\/\/www.multifrigo.pl\/sklep\/wp-json\/wp\/v2\/media?parent=49744"}],"wp:term":[{"taxonomy":"pwb-brand","embeddable":true,"href":"https:\/\/www.multifrigo.pl\/sklep\/wp-json\/wp\/v2\/pwb-brand?post=49744"},{"taxonomy":"product_brand","embeddable":true,"href":"https:\/\/www.multifrigo.pl\/sklep\/wp-json\/wp\/v2\/product_brand?post=49744"},{"taxonomy":"product_cat","embeddable":true,"href":"https:\/\/www.multifrigo.pl\/sklep\/wp-json\/wp\/v2\/product_cat?post=49744"},{"taxonomy":"product_tag","embeddable":true,"href":"https:\/\/www.multifrigo.pl\/sklep\/wp-json\/wp\/v2\/product_tag?post=49744"}],"curies":[{"name":"wp","href":"https:\/\/api.w.org\/{rel}","templated":true}]}}