{"id":49821,"date":"2024-09-09T07:31:51","date_gmt":"2024-09-09T07:31:51","guid":{"rendered":"https:\/\/www.multifrigo.pl\/sklep\/?post_type=product&#038;p=49821"},"modified":"2025-07-17T09:36:01","modified_gmt":"2025-07-17T09:36:01","slug":"lampa-owadobojcza-iv-65-bartscher-300317","status":"publish","type":"product","link":"https:\/\/www.multifrigo.pl\/sklep\/produkt\/lampa-owadobojcza-iv-65-bartscher-300317\/","title":{"rendered":"Lampa owadob\u00f3jcza IV-65 | Bartscher 300317"},"content":{"rendered":"<p><b>Lampa owadob\u00f3jcza IV-65<\/b><\/p>\n<p>Owady s\u0105 zabijane pr\u0105dem elektrycznym i wpadaj\u0105 do \u0142atwo wyjmowanej szuflady \u2013 bez u\u017cycia chemii.<\/p><\/p>\n","protected":false},"excerpt":{"rendered":"<p>Lampa owadob\u00f3jcza IV-65 Owady s\u0105 zabijane pr\u0105dem elektrycznym i wpadaj\u0105 do \u0142atwo wyjmowanej szuflady \u2013 bez u\u017cycia chemii.<\/p>\n","protected":false},"featured_media":53578,"template":"","meta":{"_et_pb_use_builder":"","_et_pb_old_content":"","_et_gb_content_width":""},"pwb-brand":[1577],"product_brand":[],"product_cat":[421],"product_tag":[],"class_list":{"0":"post-49821","1":"product","2":"type-product","3":"status-publish","4":"has-post-thumbnail","6":"pwb-brand-bartscher","7":"product_cat-lampy-owadobojcze","9":"first","10":"instock","11":"taxable","12":"shipping-taxable","13":"purchasable","14":"product-type-simple"},"brands":[{"id":1577,"name":"Bartscher","slug":"bartscher"}],"_links":{"self":[{"href":"https:\/\/www.multifrigo.pl\/sklep\/wp-json\/wp\/v2\/product\/49821","targetHints":{"allow":["GET"]}}],"collection":[{"href":"https:\/\/www.multifrigo.pl\/sklep\/wp-json\/wp\/v2\/product"}],"about":[{"href":"https:\/\/www.multifrigo.pl\/sklep\/wp-json\/wp\/v2\/types\/product"}],"wp:featuredmedia":[{"embeddable":true,"href":"https:\/\/www.multifrigo.pl\/sklep\/wp-json\/wp\/v2\/media\/53578"}],"wp:attachment":[{"href":"https:\/\/www.multifrigo.pl\/sklep\/wp-json\/wp\/v2\/media?parent=49821"}],"wp:term":[{"taxonomy":"pwb-brand","embeddable":true,"href":"https:\/\/www.multifrigo.pl\/sklep\/wp-json\/wp\/v2\/pwb-brand?post=49821"},{"taxonomy":"product_brand","embeddable":true,"href":"https:\/\/www.multifrigo.pl\/sklep\/wp-json\/wp\/v2\/product_brand?post=49821"},{"taxonomy":"product_cat","embeddable":true,"href":"https:\/\/www.multifrigo.pl\/sklep\/wp-json\/wp\/v2\/product_cat?post=49821"},{"taxonomy":"product_tag","embeddable":true,"href":"https:\/\/www.multifrigo.pl\/sklep\/wp-json\/wp\/v2\/product_tag?post=49821"}],"curies":[{"name":"wp","href":"https:\/\/api.w.org\/{rel}","templated":true}]}}