{"id":49826,"date":"2024-09-09T07:32:08","date_gmt":"2024-09-09T07:32:08","guid":{"rendered":"https:\/\/www.multifrigo.pl\/sklep\/produkt\/kuchnia-gazowa-mfgo-7040-bartscher-1582051\/"},"modified":"2025-07-17T08:45:07","modified_gmt":"2025-07-17T08:45:07","slug":"kuchnia-gazowa-mfgo-7040-bartscher-1582051","status":"publish","type":"product","link":"https:\/\/www.multifrigo.pl\/sklep\/produkt\/kuchnia-gazowa-mfgo-7040-bartscher-1582051\/","title":{"rendered":"Kuchnia gazowa MFGO 7040 | Bartscher 1582051"},"content":{"rendered":"<p><b>Kuchnia gazowa MFGO 7040<\/b><\/p>\n<p>Seria kuchni gazowych MFG \u2013 podstawowe modele dla profesjonalnych u\u017cytkownik\u00f3w, kt\u00f3re wyr\u00f3\u017cnia solidna konstrukcja ze stali szlachetnej. Intuicyjna obs\u0142uga za pomoc\u0105 p\u0142omienia pilotowego sprawia, \u017ce produkt doskonale nadaje si\u0119 do codziennego u\u017cytku w kuchni.<\/p><\/p>\n","protected":false},"excerpt":{"rendered":"<p>Kuchnia gazowa MFGO 7040 Seria kuchni gazowych MFG \u2013 podstawowe modele dla profesjonalnych u\u017cytkownik\u00f3w, kt\u00f3re wyr\u00f3\u017cnia solidna konstrukcja ze stali szlachetnej. Intuicyjna obs\u0142uga za pomoc\u0105 p\u0142omienia pilotowego sprawia, \u017ce produkt doskonale nadaje si\u0119 do codziennego u\u017cytku w kuchni.<\/p>\n","protected":false},"featured_media":53481,"template":"","meta":{"_et_pb_use_builder":"","_et_pb_old_content":"","_et_gb_content_width":""},"pwb-brand":[1577],"product_brand":[],"product_cat":[588],"product_tag":[],"class_list":{"0":"post-49826","1":"product","2":"type-product","3":"status-publish","4":"has-post-thumbnail","6":"pwb-brand-bartscher","7":"product_cat-4-palnikowe","9":"first","10":"instock","11":"taxable","12":"shipping-taxable","13":"purchasable","14":"product-type-simple"},"brands":[{"id":1577,"name":"Bartscher","slug":"bartscher"}],"_links":{"self":[{"href":"https:\/\/www.multifrigo.pl\/sklep\/wp-json\/wp\/v2\/product\/49826","targetHints":{"allow":["GET"]}}],"collection":[{"href":"https:\/\/www.multifrigo.pl\/sklep\/wp-json\/wp\/v2\/product"}],"about":[{"href":"https:\/\/www.multifrigo.pl\/sklep\/wp-json\/wp\/v2\/types\/product"}],"wp:featuredmedia":[{"embeddable":true,"href":"https:\/\/www.multifrigo.pl\/sklep\/wp-json\/wp\/v2\/media\/53481"}],"wp:attachment":[{"href":"https:\/\/www.multifrigo.pl\/sklep\/wp-json\/wp\/v2\/media?parent=49826"}],"wp:term":[{"taxonomy":"pwb-brand","embeddable":true,"href":"https:\/\/www.multifrigo.pl\/sklep\/wp-json\/wp\/v2\/pwb-brand?post=49826"},{"taxonomy":"product_brand","embeddable":true,"href":"https:\/\/www.multifrigo.pl\/sklep\/wp-json\/wp\/v2\/product_brand?post=49826"},{"taxonomy":"product_cat","embeddable":true,"href":"https:\/\/www.multifrigo.pl\/sklep\/wp-json\/wp\/v2\/product_cat?post=49826"},{"taxonomy":"product_tag","embeddable":true,"href":"https:\/\/www.multifrigo.pl\/sklep\/wp-json\/wp\/v2\/product_tag?post=49826"}],"curies":[{"name":"wp","href":"https:\/\/api.w.org\/{rel}","templated":true}]}}