{"id":49855,"date":"2024-09-09T07:33:43","date_gmt":"2024-09-09T07:33:43","guid":{"rendered":"https:\/\/www.multifrigo.pl\/sklep\/produkt\/lampa-grzewcza-iwl500st-bartscher-114296\/"},"modified":"2025-07-17T08:32:42","modified_gmt":"2025-07-17T08:32:42","slug":"lampa-grzewcza-iwl500st-bartscher-114296","status":"publish","type":"product","link":"https:\/\/www.multifrigo.pl\/sklep\/produkt\/lampa-grzewcza-iwl500st-bartscher-114296\/","title":{"rendered":"Lampa grzewcza IWL500ST | Bartscher 114296"},"content":{"rendered":"<p><b>Lampa grzewcza IWL500ST<\/b><\/p>\n<p>Lampa grzewcza IWL500ST to w\u0142a\u015bciwe \u017ar\u00f3d\u0142o ciep\u0142a do wyj\u0105tkowo indywidualnego i precyzyjnego utrzymania potraw w odpowiedniej temperaturze. W przypadku wykorzystania w bufecie lub do wydawania potraw lampa oferuje mo\u017cliwo\u015b\u0107 elastycznego ustawienia ramion zar\u00f3wno na wysoko\u015b\u0107 jak i na boki.<\/p><\/p>\n","protected":false},"excerpt":{"rendered":"<p>Lampa grzewcza IWL500ST Lampa grzewcza IWL500ST to w\u0142a\u015bciwe \u017ar\u00f3d\u0142o ciep\u0142a do wyj\u0105tkowo indywidualnego i precyzyjnego utrzymania potraw w odpowiedniej temperaturze. W przypadku wykorzystania w bufecie lub do wydawania potraw lampa oferuje mo\u017cliwo\u015b\u0107 elastycznego ustawienia ramion zar\u00f3wno na wysoko\u015b\u0107 jak i na boki.<\/p>\n","protected":false},"featured_media":53550,"template":"","meta":{"_et_pb_use_builder":"","_et_pb_old_content":"","_et_gb_content_width":""},"pwb-brand":[1577],"product_brand":[],"product_cat":[423],"product_tag":[],"class_list":{"0":"post-49855","1":"product","2":"type-product","3":"status-publish","4":"has-post-thumbnail","6":"pwb-brand-bartscher","7":"product_cat-lampy-grzewcze","9":"first","10":"instock","11":"taxable","12":"shipping-taxable","13":"purchasable","14":"product-type-simple"},"brands":[{"id":1577,"name":"Bartscher","slug":"bartscher"}],"_links":{"self":[{"href":"https:\/\/www.multifrigo.pl\/sklep\/wp-json\/wp\/v2\/product\/49855","targetHints":{"allow":["GET"]}}],"collection":[{"href":"https:\/\/www.multifrigo.pl\/sklep\/wp-json\/wp\/v2\/product"}],"about":[{"href":"https:\/\/www.multifrigo.pl\/sklep\/wp-json\/wp\/v2\/types\/product"}],"wp:featuredmedia":[{"embeddable":true,"href":"https:\/\/www.multifrigo.pl\/sklep\/wp-json\/wp\/v2\/media\/53550"}],"wp:attachment":[{"href":"https:\/\/www.multifrigo.pl\/sklep\/wp-json\/wp\/v2\/media?parent=49855"}],"wp:term":[{"taxonomy":"pwb-brand","embeddable":true,"href":"https:\/\/www.multifrigo.pl\/sklep\/wp-json\/wp\/v2\/pwb-brand?post=49855"},{"taxonomy":"product_brand","embeddable":true,"href":"https:\/\/www.multifrigo.pl\/sklep\/wp-json\/wp\/v2\/product_brand?post=49855"},{"taxonomy":"product_cat","embeddable":true,"href":"https:\/\/www.multifrigo.pl\/sklep\/wp-json\/wp\/v2\/product_cat?post=49855"},{"taxonomy":"product_tag","embeddable":true,"href":"https:\/\/www.multifrigo.pl\/sklep\/wp-json\/wp\/v2\/product_tag?post=49855"}],"curies":[{"name":"wp","href":"https:\/\/api.w.org\/{rel}","templated":true}]}}