{"id":49867,"date":"2024-09-09T07:34:44","date_gmt":"2024-09-09T07:34:44","guid":{"rendered":"https:\/\/www.multifrigo.pl\/sklep\/produkt\/lawa-grill-gazowy-700vr-g180-bartscher-2856311\/"},"modified":"2025-07-17T08:56:07","modified_gmt":"2025-07-17T08:56:07","slug":"lawa-grill-gazowy-700vr-g180-bartscher-2856311","status":"publish","type":"product","link":"https:\/\/www.multifrigo.pl\/sklep\/produkt\/lawa-grill-gazowy-700vr-g180-bartscher-2856311\/","title":{"rendered":"Lawa-grill gazowy 700VR G180 | Bartscher 2856311"},"content":{"rendered":"<p><b>Lawa-grill gazowy 700VR G180<\/b><\/p>\n<p>Zalety solidnego grilla z law\u0105 wulkaniczn\u0105 z serii 700 to w skr\u00f3cie: szybka gotowo\u015b\u0107 do u\u017cycia, niski poziom emisji dymu, czysto\u015b\u0107 pracy i znakomity smak grillowanego dania.<\/p>\n","protected":false},"excerpt":{"rendered":"<p>Lawa-grill gazowy 700VR G180 Zalety solidnego grilla z law\u0105 wulkaniczn\u0105 z serii 700 to w skr\u00f3cie: szybka gotowo\u015b\u0107 do u\u017cycia, niski poziom emisji dymu, czysto\u015b\u0107 pracy i znakomity smak grillowanego dania.<\/p>\n","protected":false},"featured_media":53581,"template":"","meta":{"_et_pb_use_builder":"","_et_pb_old_content":"","_et_gb_content_width":""},"pwb-brand":[1577],"product_brand":[],"product_cat":[673],"product_tag":[],"class_list":{"0":"post-49867","1":"product","2":"type-product","3":"status-publish","4":"has-post-thumbnail","6":"pwb-brand-bartscher","7":"product_cat-grille-gastronomiczne","9":"first","10":"instock","11":"taxable","12":"shipping-taxable","13":"purchasable","14":"product-type-simple"},"brands":[{"id":1577,"name":"Bartscher","slug":"bartscher"}],"_links":{"self":[{"href":"https:\/\/www.multifrigo.pl\/sklep\/wp-json\/wp\/v2\/product\/49867","targetHints":{"allow":["GET"]}}],"collection":[{"href":"https:\/\/www.multifrigo.pl\/sklep\/wp-json\/wp\/v2\/product"}],"about":[{"href":"https:\/\/www.multifrigo.pl\/sklep\/wp-json\/wp\/v2\/types\/product"}],"wp:featuredmedia":[{"embeddable":true,"href":"https:\/\/www.multifrigo.pl\/sklep\/wp-json\/wp\/v2\/media\/53581"}],"wp:attachment":[{"href":"https:\/\/www.multifrigo.pl\/sklep\/wp-json\/wp\/v2\/media?parent=49867"}],"wp:term":[{"taxonomy":"pwb-brand","embeddable":true,"href":"https:\/\/www.multifrigo.pl\/sklep\/wp-json\/wp\/v2\/pwb-brand?post=49867"},{"taxonomy":"product_brand","embeddable":true,"href":"https:\/\/www.multifrigo.pl\/sklep\/wp-json\/wp\/v2\/product_brand?post=49867"},{"taxonomy":"product_cat","embeddable":true,"href":"https:\/\/www.multifrigo.pl\/sklep\/wp-json\/wp\/v2\/product_cat?post=49867"},{"taxonomy":"product_tag","embeddable":true,"href":"https:\/\/www.multifrigo.pl\/sklep\/wp-json\/wp\/v2\/product_tag?post=49867"}],"curies":[{"name":"wp","href":"https:\/\/api.w.org\/{rel}","templated":true}]}}