{"id":49870,"date":"2024-09-09T07:34:58","date_gmt":"2024-09-09T07:34:58","guid":{"rendered":"https:\/\/www.multifrigo.pl\/sklep\/produkt\/licznik-do-wody-w1-8b-bartscher-109898\/"},"modified":"2025-07-17T07:46:34","modified_gmt":"2025-07-17T07:46:34","slug":"licznik-do-wody-w1-8b-bartscher-109898","status":"publish","type":"product","link":"https:\/\/www.multifrigo.pl\/sklep\/produkt\/licznik-do-wody-w1-8b-bartscher-109898\/","title":{"rendered":"Licznik do wody W1-8B | Bartscher 109898"},"content":{"rendered":"<p><b>Licznik do wody W1-8B<\/b><\/p>\n<p>Licznik do wody to optymalne po\u0142\u0105czenie dla systemu filtracji wody K1500L. Dzi\u0119ki pomiarowi ju\u017c przefiltrowanej wody dok\u0142adnie wiadomo, kiedy nale\u017cy wymieni\u0107 filtr.<\/p><\/p>\n","protected":false},"excerpt":{"rendered":"<p>Licznik do wody W1-8B Licznik do wody to optymalne po\u0142\u0105czenie dla systemu filtracji wody K1500L. Dzi\u0119ki pomiarowi ju\u017c przefiltrowanej wody dok\u0142adnie wiadomo, kiedy nale\u017cy wymieni\u0107 filtr.<\/p>\n","protected":false},"featured_media":53607,"template":"","meta":{"_et_pb_use_builder":"","_et_pb_old_content":"","_et_gb_content_width":""},"pwb-brand":[1577],"product_brand":[],"product_cat":[516],"product_tag":[],"class_list":{"0":"post-49870","1":"product","2":"type-product","3":"status-publish","4":"has-post-thumbnail","6":"pwb-brand-bartscher","7":"product_cat-liczniki-wody","9":"first","10":"instock","11":"taxable","12":"shipping-taxable","13":"purchasable","14":"product-type-simple"},"brands":[{"id":1577,"name":"Bartscher","slug":"bartscher"}],"_links":{"self":[{"href":"https:\/\/www.multifrigo.pl\/sklep\/wp-json\/wp\/v2\/product\/49870","targetHints":{"allow":["GET"]}}],"collection":[{"href":"https:\/\/www.multifrigo.pl\/sklep\/wp-json\/wp\/v2\/product"}],"about":[{"href":"https:\/\/www.multifrigo.pl\/sklep\/wp-json\/wp\/v2\/types\/product"}],"wp:featuredmedia":[{"embeddable":true,"href":"https:\/\/www.multifrigo.pl\/sklep\/wp-json\/wp\/v2\/media\/53607"}],"wp:attachment":[{"href":"https:\/\/www.multifrigo.pl\/sklep\/wp-json\/wp\/v2\/media?parent=49870"}],"wp:term":[{"taxonomy":"pwb-brand","embeddable":true,"href":"https:\/\/www.multifrigo.pl\/sklep\/wp-json\/wp\/v2\/pwb-brand?post=49870"},{"taxonomy":"product_brand","embeddable":true,"href":"https:\/\/www.multifrigo.pl\/sklep\/wp-json\/wp\/v2\/product_brand?post=49870"},{"taxonomy":"product_cat","embeddable":true,"href":"https:\/\/www.multifrigo.pl\/sklep\/wp-json\/wp\/v2\/product_cat?post=49870"},{"taxonomy":"product_tag","embeddable":true,"href":"https:\/\/www.multifrigo.pl\/sklep\/wp-json\/wp\/v2\/product_tag?post=49870"}],"curies":[{"name":"wp","href":"https:\/\/api.w.org\/{rel}","templated":true}]}}