{"id":49878,"date":"2024-09-09T07:35:22","date_gmt":"2024-09-09T07:35:22","guid":{"rendered":"https:\/\/www.multifrigo.pl\/sklep\/produkt\/listwa-magnetyczna-615al-bartscher-a256024\/"},"modified":"2025-07-17T10:04:54","modified_gmt":"2025-07-17T10:04:54","slug":"listwa-magnetyczna-615al-bartscher-a256024","status":"publish","type":"product","link":"https:\/\/www.multifrigo.pl\/sklep\/produkt\/listwa-magnetyczna-615al-bartscher-a256024\/","title":{"rendered":"Listwa magnetyczna 615AL | Bartscher A256024"},"content":{"rendered":"<p><b>Listwa magnetyczna 615AL<\/b><\/p>\n<p>Trwa\u0142a listwa magnetyczna z aluminium zapewni porz\u0105dek na stanowisku pracy. No\u017ce, no\u017cyczki i inni kuchenni pomocnicy maj\u0105 od teraz swoje miejsce, a jednocze\u015bnie s\u0105 zawsze pod r\u0119k\u0105.<\/p><\/p>\n","protected":false},"excerpt":{"rendered":"<p>Listwa magnetyczna 615AL Trwa\u0142a listwa magnetyczna z aluminium zapewni porz\u0105dek na stanowisku pracy. No\u017ce, no\u017cyczki i inni kuchenni pomocnicy maj\u0105 od teraz swoje miejsce, a jednocze\u015bnie s\u0105 zawsze pod r\u0119k\u0105.<\/p>\n","protected":false},"featured_media":53614,"template":"","meta":{"_et_pb_use_builder":"","_et_pb_old_content":"","_et_gb_content_width":""},"pwb-brand":[1577],"product_brand":[],"product_cat":[170],"product_tag":[],"class_list":{"0":"post-49878","1":"product","2":"type-product","3":"status-publish","4":"has-post-thumbnail","6":"pwb-brand-bartscher","7":"product_cat-listwy-magnetyczne","9":"first","10":"instock","11":"taxable","12":"shipping-taxable","13":"purchasable","14":"product-type-simple"},"brands":[{"id":1577,"name":"Bartscher","slug":"bartscher"}],"_links":{"self":[{"href":"https:\/\/www.multifrigo.pl\/sklep\/wp-json\/wp\/v2\/product\/49878","targetHints":{"allow":["GET"]}}],"collection":[{"href":"https:\/\/www.multifrigo.pl\/sklep\/wp-json\/wp\/v2\/product"}],"about":[{"href":"https:\/\/www.multifrigo.pl\/sklep\/wp-json\/wp\/v2\/types\/product"}],"wp:featuredmedia":[{"embeddable":true,"href":"https:\/\/www.multifrigo.pl\/sklep\/wp-json\/wp\/v2\/media\/53614"}],"wp:attachment":[{"href":"https:\/\/www.multifrigo.pl\/sklep\/wp-json\/wp\/v2\/media?parent=49878"}],"wp:term":[{"taxonomy":"pwb-brand","embeddable":true,"href":"https:\/\/www.multifrigo.pl\/sklep\/wp-json\/wp\/v2\/pwb-brand?post=49878"},{"taxonomy":"product_brand","embeddable":true,"href":"https:\/\/www.multifrigo.pl\/sklep\/wp-json\/wp\/v2\/product_brand?post=49878"},{"taxonomy":"product_cat","embeddable":true,"href":"https:\/\/www.multifrigo.pl\/sklep\/wp-json\/wp\/v2\/product_cat?post=49878"},{"taxonomy":"product_tag","embeddable":true,"href":"https:\/\/www.multifrigo.pl\/sklep\/wp-json\/wp\/v2\/product_tag?post=49878"}],"curies":[{"name":"wp","href":"https:\/\/api.w.org\/{rel}","templated":true}]}}