{"id":49879,"date":"2024-09-09T07:35:26","date_gmt":"2024-09-09T07:35:26","guid":{"rendered":"https:\/\/www.multifrigo.pl\/sklep\/produkt\/lodowka-1400-gn211-bartscher-700416\/"},"modified":"2025-07-17T09:47:52","modified_gmt":"2025-07-17T09:47:52","slug":"lodowka-1400-gn211-bartscher-700416","status":"publish","type":"product","link":"https:\/\/www.multifrigo.pl\/sklep\/produkt\/lodowka-1400-gn211-bartscher-700416\/","title":{"rendered":"Lod\u00f3wka 1400 GN211 | Bartscher 700416"},"content":{"rendered":"<p><b>Lod\u00f3wka 1400 GN211<\/b><\/p>\n<p>Dwudrzwiowa lod\u00f3wka z prowadnicami w formacie 2\/1 GN, dzi\u0119ki pojemnemu wn\u0119trzu, jest w stanie pomie\u015bci\u0107 du\u017ce ilo\u015bci produkt\u00f3w. Dzi\u0119ki dyskretnemu designowi doskonale wkomponuje si\u0119 w wystr\u00f3j ka\u017cdej kuchni.<\/p><\/p>\n","protected":false},"excerpt":{"rendered":"<p>Lod\u00f3wka 1400 GN211 Dwudrzwiowa lod\u00f3wka z prowadnicami w formacie 2\/1 GN, dzi\u0119ki pojemnemu wn\u0119trzu, jest w stanie pomie\u015bci\u0107 du\u017ce ilo\u015bci produkt\u00f3w. Dzi\u0119ki dyskretnemu designowi doskonale wkomponuje si\u0119 w wystr\u00f3j ka\u017cdej kuchni.<\/p>\n","protected":false},"featured_media":53617,"template":"","meta":{"_et_pb_use_builder":"","_et_pb_old_content":"","_et_gb_content_width":""},"pwb-brand":[1577],"product_brand":[],"product_cat":[518],"product_tag":[],"class_list":{"0":"post-49879","1":"product","2":"type-product","3":"status-publish","4":"has-post-thumbnail","6":"pwb-brand-bartscher","7":"product_cat-szafy-chlodnicze","9":"first","10":"instock","11":"taxable","12":"shipping-taxable","13":"purchasable","14":"product-type-simple"},"brands":[{"id":1577,"name":"Bartscher","slug":"bartscher"}],"_links":{"self":[{"href":"https:\/\/www.multifrigo.pl\/sklep\/wp-json\/wp\/v2\/product\/49879","targetHints":{"allow":["GET"]}}],"collection":[{"href":"https:\/\/www.multifrigo.pl\/sklep\/wp-json\/wp\/v2\/product"}],"about":[{"href":"https:\/\/www.multifrigo.pl\/sklep\/wp-json\/wp\/v2\/types\/product"}],"wp:featuredmedia":[{"embeddable":true,"href":"https:\/\/www.multifrigo.pl\/sklep\/wp-json\/wp\/v2\/media\/53617"}],"wp:attachment":[{"href":"https:\/\/www.multifrigo.pl\/sklep\/wp-json\/wp\/v2\/media?parent=49879"}],"wp:term":[{"taxonomy":"pwb-brand","embeddable":true,"href":"https:\/\/www.multifrigo.pl\/sklep\/wp-json\/wp\/v2\/pwb-brand?post=49879"},{"taxonomy":"product_brand","embeddable":true,"href":"https:\/\/www.multifrigo.pl\/sklep\/wp-json\/wp\/v2\/product_brand?post=49879"},{"taxonomy":"product_cat","embeddable":true,"href":"https:\/\/www.multifrigo.pl\/sklep\/wp-json\/wp\/v2\/product_cat?post=49879"},{"taxonomy":"product_tag","embeddable":true,"href":"https:\/\/www.multifrigo.pl\/sklep\/wp-json\/wp\/v2\/product_tag?post=49879"}],"curies":[{"name":"wp","href":"https:\/\/api.w.org\/{rel}","templated":true}]}}