{"id":49880,"date":"2024-09-09T07:35:31","date_gmt":"2024-09-09T07:35:31","guid":{"rendered":"https:\/\/www.multifrigo.pl\/sklep\/produkt\/lodowka-700-gn211-bartscher-700415\/"},"modified":"2025-11-28T10:30:25","modified_gmt":"2025-11-28T10:30:25","slug":"lodowka-700-gn211-bartscher-700415","status":"publish","type":"product","link":"https:\/\/www.multifrigo.pl\/sklep\/produkt\/lodowka-700-gn211-bartscher-700415\/","title":{"rendered":"Lod\u00f3wka 700 GN211 | Bartscher 700415"},"content":{"rendered":"<p><b>Lod\u00f3wka 700 GN211<\/b><\/p>\n<p>Pojemna lod\u00f3wka z prowadnicami w formacie 2\/1 GN oferuje du\u017co miejsca na produkty. Dzi\u0119ki dyskretnemu designowi doskonale wkomponuje si\u0119 w wystr\u00f3j ka\u017cdej kuchni.<\/p><\/p>\n","protected":false},"excerpt":{"rendered":"<p>Lod\u00f3wka 700 GN211 Pojemna lod\u00f3wka z prowadnicami w formacie 2\/1 GN oferuje du\u017co miejsca na produkty. Dzi\u0119ki dyskretnemu designowi doskonale wkomponuje si\u0119 w wystr\u00f3j ka\u017cdej kuchni.<\/p>\n","protected":false},"featured_media":74828,"template":"","meta":{"_et_pb_use_builder":"","_et_pb_old_content":"","_et_gb_content_width":""},"pwb-brand":[1577],"product_brand":[],"product_cat":[518],"product_tag":[],"class_list":{"0":"post-49880","1":"product","2":"type-product","3":"status-publish","4":"has-post-thumbnail","6":"pwb-brand-bartscher","7":"product_cat-szafy-chlodnicze","9":"first","10":"instock","11":"taxable","12":"shipping-taxable","13":"purchasable","14":"product-type-simple"},"brands":[{"id":1577,"name":"Bartscher","slug":"bartscher"}],"_links":{"self":[{"href":"https:\/\/www.multifrigo.pl\/sklep\/wp-json\/wp\/v2\/product\/49880","targetHints":{"allow":["GET"]}}],"collection":[{"href":"https:\/\/www.multifrigo.pl\/sklep\/wp-json\/wp\/v2\/product"}],"about":[{"href":"https:\/\/www.multifrigo.pl\/sklep\/wp-json\/wp\/v2\/types\/product"}],"wp:featuredmedia":[{"embeddable":true,"href":"https:\/\/www.multifrigo.pl\/sklep\/wp-json\/wp\/v2\/media\/74828"}],"wp:attachment":[{"href":"https:\/\/www.multifrigo.pl\/sklep\/wp-json\/wp\/v2\/media?parent=49880"}],"wp:term":[{"taxonomy":"pwb-brand","embeddable":true,"href":"https:\/\/www.multifrigo.pl\/sklep\/wp-json\/wp\/v2\/pwb-brand?post=49880"},{"taxonomy":"product_brand","embeddable":true,"href":"https:\/\/www.multifrigo.pl\/sklep\/wp-json\/wp\/v2\/product_brand?post=49880"},{"taxonomy":"product_cat","embeddable":true,"href":"https:\/\/www.multifrigo.pl\/sklep\/wp-json\/wp\/v2\/product_cat?post=49880"},{"taxonomy":"product_tag","embeddable":true,"href":"https:\/\/www.multifrigo.pl\/sklep\/wp-json\/wp\/v2\/product_tag?post=49880"}],"curies":[{"name":"wp","href":"https:\/\/api.w.org\/{rel}","templated":true}]}}