{"id":49893,"date":"2024-09-09T07:36:28","date_gmt":"2024-09-09T07:36:28","guid":{"rendered":"https:\/\/www.multifrigo.pl\/sklep\/produkt\/luskarka-do-lodu-f-130-bartscher-104636\/"},"modified":"2025-07-17T07:44:27","modified_gmt":"2025-07-17T07:44:27","slug":"luskarka-do-lodu-f-130-bartscher-104636","status":"publish","type":"product","link":"https:\/\/www.multifrigo.pl\/sklep\/produkt\/luskarka-do-lodu-f-130-bartscher-104636\/","title":{"rendered":"\u0141uskarka do lodu F 130 | Bartscher 104636"},"content":{"rendered":"<p><b>\u0141uskarka do lodu F 130<\/b><\/p>\n<p>Wydajna \u0142uskarka do lodu nadaje si\u0119 idealnie do prezentacji \u015bwie\u017cych produkt&oacute;w spo\u017cywczych w ladach lub bufetach.<\/p><\/p>\n","protected":false},"excerpt":{"rendered":"<p>\u0141uskarka do lodu F 130 Wydajna \u0142uskarka do lodu nadaje si\u0119 idealnie do prezentacji \u015bwie\u017cych produkt&oacute;w spo\u017cywczych w ladach lub bufetach.<\/p>\n","protected":false},"featured_media":53694,"template":"","meta":{"_et_pb_use_builder":"","_et_pb_old_content":"","_et_gb_content_width":""},"pwb-brand":[1577],"product_brand":[],"product_cat":[538],"product_tag":[],"class_list":{"0":"post-49893","1":"product","2":"type-product","3":"status-publish","4":"has-post-thumbnail","6":"pwb-brand-bartscher","7":"product_cat-luskarki-do-lodu","9":"first","10":"instock","11":"taxable","12":"shipping-taxable","13":"purchasable","14":"product-type-simple"},"brands":[{"id":1577,"name":"Bartscher","slug":"bartscher"}],"_links":{"self":[{"href":"https:\/\/www.multifrigo.pl\/sklep\/wp-json\/wp\/v2\/product\/49893","targetHints":{"allow":["GET"]}}],"collection":[{"href":"https:\/\/www.multifrigo.pl\/sklep\/wp-json\/wp\/v2\/product"}],"about":[{"href":"https:\/\/www.multifrigo.pl\/sklep\/wp-json\/wp\/v2\/types\/product"}],"wp:featuredmedia":[{"embeddable":true,"href":"https:\/\/www.multifrigo.pl\/sklep\/wp-json\/wp\/v2\/media\/53694"}],"wp:attachment":[{"href":"https:\/\/www.multifrigo.pl\/sklep\/wp-json\/wp\/v2\/media?parent=49893"}],"wp:term":[{"taxonomy":"pwb-brand","embeddable":true,"href":"https:\/\/www.multifrigo.pl\/sklep\/wp-json\/wp\/v2\/pwb-brand?post=49893"},{"taxonomy":"product_brand","embeddable":true,"href":"https:\/\/www.multifrigo.pl\/sklep\/wp-json\/wp\/v2\/product_brand?post=49893"},{"taxonomy":"product_cat","embeddable":true,"href":"https:\/\/www.multifrigo.pl\/sklep\/wp-json\/wp\/v2\/product_cat?post=49893"},{"taxonomy":"product_tag","embeddable":true,"href":"https:\/\/www.multifrigo.pl\/sklep\/wp-json\/wp\/v2\/product_tag?post=49893"}],"curies":[{"name":"wp","href":"https:\/\/api.w.org\/{rel}","templated":true}]}}