{"id":49929,"date":"2024-09-09T07:38:46","date_gmt":"2024-09-09T07:38:46","guid":{"rendered":"https:\/\/www.multifrigo.pl\/sklep\/produkt\/miesiarka-12kg-16l-as-bartscher-101864\/"},"modified":"2025-07-17T07:43:19","modified_gmt":"2025-07-17T07:43:19","slug":"miesiarka-12kg-16l-as-bartscher-101864","status":"publish","type":"product","link":"https:\/\/www.multifrigo.pl\/sklep\/produkt\/miesiarka-12kg-16l-as-bartscher-101864\/","title":{"rendered":"Miesiarka 12kg\/16L AS | Bartscher 101864"},"content":{"rendered":"<p><b>Miesiarka 12kg\/16L AS<\/b><\/p>\n<p>Idealnie nadaje si\u0119 do \u015bcis\u0142ych ciast, takich jak pizza lub chleb.<\/p><\/p>\n","protected":false},"excerpt":{"rendered":"<p>Miesiarka 12kg\/16L AS Idealnie nadaje si\u0119 do \u015bcis\u0142ych ciast, takich jak pizza lub chleb.<\/p>\n","protected":false},"featured_media":53822,"template":"","meta":{"_et_pb_use_builder":"","_et_pb_old_content":"","_et_gb_content_width":""},"pwb-brand":[1577],"product_brand":[],"product_cat":[483],"product_tag":[],"class_list":{"0":"post-49929","1":"product","2":"type-product","3":"status-publish","4":"has-post-thumbnail","6":"pwb-brand-bartscher","7":"product_cat-miksery-spiralne","9":"first","10":"instock","11":"taxable","12":"shipping-taxable","13":"purchasable","14":"product-type-simple"},"brands":[{"id":1577,"name":"Bartscher","slug":"bartscher"}],"_links":{"self":[{"href":"https:\/\/www.multifrigo.pl\/sklep\/wp-json\/wp\/v2\/product\/49929","targetHints":{"allow":["GET"]}}],"collection":[{"href":"https:\/\/www.multifrigo.pl\/sklep\/wp-json\/wp\/v2\/product"}],"about":[{"href":"https:\/\/www.multifrigo.pl\/sklep\/wp-json\/wp\/v2\/types\/product"}],"wp:featuredmedia":[{"embeddable":true,"href":"https:\/\/www.multifrigo.pl\/sklep\/wp-json\/wp\/v2\/media\/53822"}],"wp:attachment":[{"href":"https:\/\/www.multifrigo.pl\/sklep\/wp-json\/wp\/v2\/media?parent=49929"}],"wp:term":[{"taxonomy":"pwb-brand","embeddable":true,"href":"https:\/\/www.multifrigo.pl\/sklep\/wp-json\/wp\/v2\/pwb-brand?post=49929"},{"taxonomy":"product_brand","embeddable":true,"href":"https:\/\/www.multifrigo.pl\/sklep\/wp-json\/wp\/v2\/product_brand?post=49929"},{"taxonomy":"product_cat","embeddable":true,"href":"https:\/\/www.multifrigo.pl\/sklep\/wp-json\/wp\/v2\/product_cat?post=49929"},{"taxonomy":"product_tag","embeddable":true,"href":"https:\/\/www.multifrigo.pl\/sklep\/wp-json\/wp\/v2\/product_tag?post=49929"}],"curies":[{"name":"wp","href":"https:\/\/api.w.org\/{rel}","templated":true}]}}