{"id":49945,"date":"2024-09-09T07:39:41","date_gmt":"2024-09-09T07:39:41","guid":{"rendered":"https:\/\/www.multifrigo.pl\/sklep\/produkt\/miesiarka-38kg-42l-plus-bartscher-101869\/"},"modified":"2025-07-17T07:43:30","modified_gmt":"2025-07-17T07:43:30","slug":"miesiarka-38kg-42l-plus-bartscher-101869","status":"publish","type":"product","link":"https:\/\/www.multifrigo.pl\/sklep\/produkt\/miesiarka-38kg-42l-plus-bartscher-101869\/","title":{"rendered":"Miesiarka 38kg\/42L Plus | Bartscher 101869"},"content":{"rendered":"<p><b>Miesiarka 38kg\/42L Plus<\/b><\/p>\n<p>Dobrze zaprojektowana miesiarka, dzi\u0119ki kt\u00f3rej przygotujesz nie tylko r\u00f3\u017cne rodzaje ciasta. Drugi stopie\u0144 pr\u0119dko\u015bci pozwala r\u00f3wnie\u017c utrzyma\u0107 w\u0142a\u015bciw\u0105 konsystencj\u0119 ciasta po jego przygotowaniu.<\/p><\/p>\n","protected":false},"excerpt":{"rendered":"<p>Miesiarka 38kg\/42L Plus Dobrze zaprojektowana miesiarka, dzi\u0119ki kt\u00f3rej przygotujesz nie tylko r\u00f3\u017cne rodzaje ciasta. Drugi stopie\u0144 pr\u0119dko\u015bci pozwala r\u00f3wnie\u017c utrzyma\u0107 w\u0142a\u015bciw\u0105 konsystencj\u0119 ciasta po jego przygotowaniu.<\/p>\n","protected":false},"featured_media":53857,"template":"","meta":{"_et_pb_use_builder":"","_et_pb_old_content":"","_et_gb_content_width":""},"pwb-brand":[1577],"product_brand":[],"product_cat":[483],"product_tag":[],"class_list":{"0":"post-49945","1":"product","2":"type-product","3":"status-publish","4":"has-post-thumbnail","6":"pwb-brand-bartscher","7":"product_cat-miksery-spiralne","9":"first","10":"instock","11":"taxable","12":"shipping-taxable","13":"purchasable","14":"product-type-simple"},"brands":[{"id":1577,"name":"Bartscher","slug":"bartscher"}],"_links":{"self":[{"href":"https:\/\/www.multifrigo.pl\/sklep\/wp-json\/wp\/v2\/product\/49945","targetHints":{"allow":["GET"]}}],"collection":[{"href":"https:\/\/www.multifrigo.pl\/sklep\/wp-json\/wp\/v2\/product"}],"about":[{"href":"https:\/\/www.multifrigo.pl\/sklep\/wp-json\/wp\/v2\/types\/product"}],"wp:featuredmedia":[{"embeddable":true,"href":"https:\/\/www.multifrigo.pl\/sklep\/wp-json\/wp\/v2\/media\/53857"}],"wp:attachment":[{"href":"https:\/\/www.multifrigo.pl\/sklep\/wp-json\/wp\/v2\/media?parent=49945"}],"wp:term":[{"taxonomy":"pwb-brand","embeddable":true,"href":"https:\/\/www.multifrigo.pl\/sklep\/wp-json\/wp\/v2\/pwb-brand?post=49945"},{"taxonomy":"product_brand","embeddable":true,"href":"https:\/\/www.multifrigo.pl\/sklep\/wp-json\/wp\/v2\/product_brand?post=49945"},{"taxonomy":"product_cat","embeddable":true,"href":"https:\/\/www.multifrigo.pl\/sklep\/wp-json\/wp\/v2\/product_cat?post=49945"},{"taxonomy":"product_tag","embeddable":true,"href":"https:\/\/www.multifrigo.pl\/sklep\/wp-json\/wp\/v2\/product_tag?post=49945"}],"curies":[{"name":"wp","href":"https:\/\/api.w.org\/{rel}","templated":true}]}}