{"id":49946,"date":"2024-09-09T07:39:44","date_gmt":"2024-09-09T07:39:44","guid":{"rendered":"https:\/\/www.multifrigo.pl\/sklep\/produkt\/miesiarka-planetarna-do-ciasta-t-75-kg-20l-as-bartscher-101939\/"},"modified":"2025-07-17T07:43:44","modified_gmt":"2025-07-17T07:43:44","slug":"miesiarka-planetarna-do-ciasta-t-75-kg-20l-as-bartscher-101939","status":"publish","type":"product","link":"https:\/\/www.multifrigo.pl\/sklep\/produkt\/miesiarka-planetarna-do-ciasta-t-75-kg-20l-as-bartscher-101939\/","title":{"rendered":"Miesiarka planetarna do ciasta T 7,5 kg \/ 20L AS | Bartscher 101939"},"content":{"rendered":"<p><b>Miesiarka planetarna do ciasta T 7,5 kg \/ 20L AS<\/b><\/p>\n<p>Zoptymalizowane zarz\u0105dzanie czasem: wyposa\u017cona w timer miesiarka planetarna mo\u017ce przygotowa\u0107 szereg ciast, krem&oacute;w i \u015bmietany niemal samodzielnie. Wydajne mieszad\u0142o produkuje nawet 7,5 kg ciasta w&nbsp;cyklu roboczym.<\/p><\/p>\n","protected":false},"excerpt":{"rendered":"<p>Miesiarka planetarna do ciasta T 7,5 kg \/ 20L AS Zoptymalizowane zarz\u0105dzanie czasem: wyposa\u017cona w timer miesiarka planetarna mo\u017ce przygotowa\u0107 szereg ciast, krem&oacute;w i \u015bmietany niemal samodzielnie. Wydajne mieszad\u0142o produkuje nawet 7,5 kg ciasta w&nbsp;cyklu roboczym.<\/p>\n","protected":false},"featured_media":53865,"template":"","meta":{"_et_pb_use_builder":"","_et_pb_old_content":"","_et_gb_content_width":""},"pwb-brand":[1577],"product_brand":[],"product_cat":[480],"product_tag":[],"class_list":{"0":"post-49946","1":"product","2":"type-product","3":"status-publish","4":"has-post-thumbnail","6":"pwb-brand-bartscher","7":"product_cat-miksery-planetarne-miksery-planetarne","9":"first","10":"instock","11":"taxable","12":"shipping-taxable","13":"purchasable","14":"product-type-simple"},"brands":[{"id":1577,"name":"Bartscher","slug":"bartscher"}],"_links":{"self":[{"href":"https:\/\/www.multifrigo.pl\/sklep\/wp-json\/wp\/v2\/product\/49946","targetHints":{"allow":["GET"]}}],"collection":[{"href":"https:\/\/www.multifrigo.pl\/sklep\/wp-json\/wp\/v2\/product"}],"about":[{"href":"https:\/\/www.multifrigo.pl\/sklep\/wp-json\/wp\/v2\/types\/product"}],"wp:featuredmedia":[{"embeddable":true,"href":"https:\/\/www.multifrigo.pl\/sklep\/wp-json\/wp\/v2\/media\/53865"}],"wp:attachment":[{"href":"https:\/\/www.multifrigo.pl\/sklep\/wp-json\/wp\/v2\/media?parent=49946"}],"wp:term":[{"taxonomy":"pwb-brand","embeddable":true,"href":"https:\/\/www.multifrigo.pl\/sklep\/wp-json\/wp\/v2\/pwb-brand?post=49946"},{"taxonomy":"product_brand","embeddable":true,"href":"https:\/\/www.multifrigo.pl\/sklep\/wp-json\/wp\/v2\/product_brand?post=49946"},{"taxonomy":"product_cat","embeddable":true,"href":"https:\/\/www.multifrigo.pl\/sklep\/wp-json\/wp\/v2\/product_cat?post=49946"},{"taxonomy":"product_tag","embeddable":true,"href":"https:\/\/www.multifrigo.pl\/sklep\/wp-json\/wp\/v2\/product_tag?post=49946"}],"curies":[{"name":"wp","href":"https:\/\/api.w.org\/{rel}","templated":true}]}}