{"id":49947,"date":"2024-09-09T07:39:48","date_gmt":"2024-09-09T07:39:48","guid":{"rendered":"https:\/\/www.multifrigo.pl\/sklep\/produkt\/miesiarka-planetarna-do-ciasta-075-kg-5-las-bartscher-101915\/"},"modified":"2025-07-17T07:43:31","modified_gmt":"2025-07-17T07:43:31","slug":"miesiarka-planetarna-do-ciasta-075-kg-5-las-bartscher-101915","status":"publish","type":"product","link":"https:\/\/www.multifrigo.pl\/sklep\/produkt\/miesiarka-planetarna-do-ciasta-075-kg-5-las-bartscher-101915\/","title":{"rendered":"Miesiarka planetarna do ciasta 0,75 kg \/ 5 LAS | Bartscher 101915"},"content":{"rendered":"<p><b>Miesiarka planetarna do ciasta 0,75 kg \/ 5 LAS<\/b><\/p>\n<p>Ma\u0142y profesjonalista \u2013 urz\u0105dzenie pozwala przygotowa\u0107 0,75 kg ciasta. Niewiele? To zale\u017cy, poniewa\u017c pod wzgl\u0119dem jako\u015bci ten robot kuchenny nie ust\u0119puje najlepszym w swojej rodzinie. Dzi\u0119ki p\u0142ynnej regulacji pr\u0119dko\u015bci urz\u0105dzenie ubije, wymiesza i zagniecie dok\u0142adnie tak jak chcesz.<\/p><\/p>\n","protected":false},"excerpt":{"rendered":"<p>Miesiarka planetarna do ciasta 0,75 kg \/ 5 LAS Ma\u0142y profesjonalista \u2013 urz\u0105dzenie pozwala przygotowa\u0107 0,75 kg ciasta. Niewiele? To zale\u017cy, poniewa\u017c pod wzgl\u0119dem jako\u015bci ten robot kuchenny nie ust\u0119puje najlepszym w swojej rodzinie. Dzi\u0119ki p\u0142ynnej regulacji pr\u0119dko\u015bci urz\u0105dzenie ubije, wymiesza i zagniecie dok\u0142adnie tak jak chcesz.<\/p>\n","protected":false},"featured_media":53873,"template":"","meta":{"_et_pb_use_builder":"","_et_pb_old_content":"","_et_gb_content_width":""},"pwb-brand":[1577],"product_brand":[],"product_cat":[480],"product_tag":[],"class_list":{"0":"post-49947","1":"product","2":"type-product","3":"status-publish","4":"has-post-thumbnail","6":"pwb-brand-bartscher","7":"product_cat-miksery-planetarne-miksery-planetarne","9":"first","10":"instock","11":"taxable","12":"shipping-taxable","13":"purchasable","14":"product-type-simple"},"brands":[{"id":1577,"name":"Bartscher","slug":"bartscher"}],"_links":{"self":[{"href":"https:\/\/www.multifrigo.pl\/sklep\/wp-json\/wp\/v2\/product\/49947","targetHints":{"allow":["GET"]}}],"collection":[{"href":"https:\/\/www.multifrigo.pl\/sklep\/wp-json\/wp\/v2\/product"}],"about":[{"href":"https:\/\/www.multifrigo.pl\/sklep\/wp-json\/wp\/v2\/types\/product"}],"wp:featuredmedia":[{"embeddable":true,"href":"https:\/\/www.multifrigo.pl\/sklep\/wp-json\/wp\/v2\/media\/53873"}],"wp:attachment":[{"href":"https:\/\/www.multifrigo.pl\/sklep\/wp-json\/wp\/v2\/media?parent=49947"}],"wp:term":[{"taxonomy":"pwb-brand","embeddable":true,"href":"https:\/\/www.multifrigo.pl\/sklep\/wp-json\/wp\/v2\/pwb-brand?post=49947"},{"taxonomy":"product_brand","embeddable":true,"href":"https:\/\/www.multifrigo.pl\/sklep\/wp-json\/wp\/v2\/product_brand?post=49947"},{"taxonomy":"product_cat","embeddable":true,"href":"https:\/\/www.multifrigo.pl\/sklep\/wp-json\/wp\/v2\/product_cat?post=49947"},{"taxonomy":"product_tag","embeddable":true,"href":"https:\/\/www.multifrigo.pl\/sklep\/wp-json\/wp\/v2\/product_tag?post=49947"}],"curies":[{"name":"wp","href":"https:\/\/api.w.org\/{rel}","templated":true}]}}