{"id":49949,"date":"2024-09-09T07:39:55","date_gmt":"2024-09-09T07:39:55","guid":{"rendered":"https:\/\/www.multifrigo.pl\/sklep\/produkt\/miesiarka-planetarna-do-ciasta-9-kg-30-l-as-bartscher-101917\/"},"modified":"2025-07-17T07:43:33","modified_gmt":"2025-07-17T07:43:33","slug":"miesiarka-planetarna-do-ciasta-9-kg-30-l-as-bartscher-101917","status":"publish","type":"product","link":"https:\/\/www.multifrigo.pl\/sklep\/produkt\/miesiarka-planetarna-do-ciasta-9-kg-30-l-as-bartscher-101917\/","title":{"rendered":"Miesiarka planetarna do ciasta 9 kg \/ 30 L AS | Bartscher 101917"},"content":{"rendered":"<p><b>Miesiarka planetarna do ciasta 9 kg \/ 30 L AS<\/b><\/p>\n<p>Dla profesjonalist\u00f3w: niezwykle wydajna miesiarka planetarna produkuje do 9 kg ciasta w jednym cyklu roboczym. W misie do mieszania ciasta o pojemno\u015bci 30 litr\u00f3w i przy u\u017cyciu do\u0142\u0105czonych akcesori\u00f3w mo\u017cna przygotowa\u0107 rozmaite rodzaje ciast, \u015bmietan\u0119, kremy itd.<\/p><\/p>\n","protected":false},"excerpt":{"rendered":"<p>Miesiarka planetarna do ciasta 9 kg \/ 30 L AS Dla profesjonalist\u00f3w: niezwykle wydajna miesiarka planetarna produkuje do 9 kg ciasta w jednym cyklu roboczym. W misie do mieszania ciasta o pojemno\u015bci 30 litr\u00f3w i przy u\u017cyciu do\u0142\u0105czonych akcesori\u00f3w mo\u017cna przygotowa\u0107 rozmaite rodzaje ciast, \u015bmietan\u0119, kremy itd.<\/p>\n","protected":false},"featured_media":53888,"template":"","meta":{"_et_pb_use_builder":"","_et_pb_old_content":"","_et_gb_content_width":""},"pwb-brand":[1577],"product_brand":[],"product_cat":[480],"product_tag":[],"class_list":{"0":"post-49949","1":"product","2":"type-product","3":"status-publish","4":"has-post-thumbnail","6":"pwb-brand-bartscher","7":"product_cat-miksery-planetarne-miksery-planetarne","9":"first","10":"instock","11":"taxable","12":"shipping-taxable","13":"purchasable","14":"product-type-simple"},"brands":[{"id":1577,"name":"Bartscher","slug":"bartscher"}],"_links":{"self":[{"href":"https:\/\/www.multifrigo.pl\/sklep\/wp-json\/wp\/v2\/product\/49949","targetHints":{"allow":["GET"]}}],"collection":[{"href":"https:\/\/www.multifrigo.pl\/sklep\/wp-json\/wp\/v2\/product"}],"about":[{"href":"https:\/\/www.multifrigo.pl\/sklep\/wp-json\/wp\/v2\/types\/product"}],"wp:featuredmedia":[{"embeddable":true,"href":"https:\/\/www.multifrigo.pl\/sklep\/wp-json\/wp\/v2\/media\/53888"}],"wp:attachment":[{"href":"https:\/\/www.multifrigo.pl\/sklep\/wp-json\/wp\/v2\/media?parent=49949"}],"wp:term":[{"taxonomy":"pwb-brand","embeddable":true,"href":"https:\/\/www.multifrigo.pl\/sklep\/wp-json\/wp\/v2\/pwb-brand?post=49949"},{"taxonomy":"product_brand","embeddable":true,"href":"https:\/\/www.multifrigo.pl\/sklep\/wp-json\/wp\/v2\/product_brand?post=49949"},{"taxonomy":"product_cat","embeddable":true,"href":"https:\/\/www.multifrigo.pl\/sklep\/wp-json\/wp\/v2\/product_cat?post=49949"},{"taxonomy":"product_tag","embeddable":true,"href":"https:\/\/www.multifrigo.pl\/sklep\/wp-json\/wp\/v2\/product_tag?post=49949"}],"curies":[{"name":"wp","href":"https:\/\/api.w.org\/{rel}","templated":true}]}}