{"id":49953,"date":"2024-09-09T07:40:07","date_gmt":"2024-09-09T07:40:07","guid":{"rendered":"https:\/\/www.multifrigo.pl\/sklep\/produkt\/miesiarka-planetarna-do-ciasta-3-kg-10-l-bartscher-101916\/"},"modified":"2025-07-17T07:43:32","modified_gmt":"2025-07-17T07:43:32","slug":"miesiarka-planetarna-do-ciasta-3-kg-10-l-bartscher-101916","status":"publish","type":"product","link":"https:\/\/www.multifrigo.pl\/sklep\/produkt\/miesiarka-planetarna-do-ciasta-3-kg-10-l-bartscher-101916\/","title":{"rendered":"Miesiarka planetarna do ciasta 3 kg \/ 10 L | Bartscher 101916"},"content":{"rendered":"<p><b>Miesiarka planetarna do ciasta 3 kg \/ 10 L<\/b><\/p>\n<p>Dla profesjonalist\u00f3w: niezwykle wydajna miesiarka planetarna produkuje do 3 kg ciasta w jednym cyklu roboczym. W misie do mieszania ciasta o pojemno\u015bci 10 litr\u00f3w i przy u\u017cyciu do\u0142\u0105czonych akcesori\u00f3w mo\u017cna przygotowa\u0107 rozmaite rodzaje ciast, \u015bmietan\u0119, kremy itd.<\/p><\/p>\n","protected":false},"excerpt":{"rendered":"<p>Miesiarka planetarna do ciasta 3 kg \/ 10 L Dla profesjonalist\u00f3w: niezwykle wydajna miesiarka planetarna produkuje do 3 kg ciasta w jednym cyklu roboczym. W misie do mieszania ciasta o pojemno\u015bci 10 litr\u00f3w i przy u\u017cyciu do\u0142\u0105czonych akcesori\u00f3w mo\u017cna przygotowa\u0107 rozmaite rodzaje ciast, \u015bmietan\u0119, kremy itd.<\/p>\n","protected":false},"featured_media":53896,"template":"","meta":{"_et_pb_use_builder":"","_et_pb_old_content":"","_et_gb_content_width":""},"pwb-brand":[1577],"product_brand":[],"product_cat":[480],"product_tag":[],"class_list":{"0":"post-49953","1":"product","2":"type-product","3":"status-publish","4":"has-post-thumbnail","6":"pwb-brand-bartscher","7":"product_cat-miksery-planetarne-miksery-planetarne","9":"first","10":"instock","11":"taxable","12":"shipping-taxable","13":"purchasable","14":"product-type-simple"},"brands":[{"id":1577,"name":"Bartscher","slug":"bartscher"}],"_links":{"self":[{"href":"https:\/\/www.multifrigo.pl\/sklep\/wp-json\/wp\/v2\/product\/49953","targetHints":{"allow":["GET"]}}],"collection":[{"href":"https:\/\/www.multifrigo.pl\/sklep\/wp-json\/wp\/v2\/product"}],"about":[{"href":"https:\/\/www.multifrigo.pl\/sklep\/wp-json\/wp\/v2\/types\/product"}],"wp:featuredmedia":[{"embeddable":true,"href":"https:\/\/www.multifrigo.pl\/sklep\/wp-json\/wp\/v2\/media\/53896"}],"wp:attachment":[{"href":"https:\/\/www.multifrigo.pl\/sklep\/wp-json\/wp\/v2\/media?parent=49953"}],"wp:term":[{"taxonomy":"pwb-brand","embeddable":true,"href":"https:\/\/www.multifrigo.pl\/sklep\/wp-json\/wp\/v2\/pwb-brand?post=49953"},{"taxonomy":"product_brand","embeddable":true,"href":"https:\/\/www.multifrigo.pl\/sklep\/wp-json\/wp\/v2\/product_brand?post=49953"},{"taxonomy":"product_cat","embeddable":true,"href":"https:\/\/www.multifrigo.pl\/sklep\/wp-json\/wp\/v2\/product_cat?post=49953"},{"taxonomy":"product_tag","embeddable":true,"href":"https:\/\/www.multifrigo.pl\/sklep\/wp-json\/wp\/v2\/product_tag?post=49953"}],"curies":[{"name":"wp","href":"https:\/\/api.w.org\/{rel}","templated":true}]}}