{"id":49956,"date":"2024-09-09T07:40:24","date_gmt":"2024-09-09T07:40:24","guid":{"rendered":"https:\/\/www.multifrigo.pl\/sklep\/produkt\/mieszadlo-plaskie-do-k45-5ksm45ewh-bartscher-1500508\/"},"modified":"2025-07-17T08:42:09","modified_gmt":"2025-07-17T08:42:09","slug":"mieszadlo-plaskie-do-k45-5ksm45ewh-bartscher-1500508","status":"publish","type":"product","link":"https:\/\/www.multifrigo.pl\/sklep\/produkt\/mieszadlo-plaskie-do-k45-5ksm45ewh-bartscher-1500508\/","title":{"rendered":"Mieszad\u0142o p\u0142askie do K45 5KSM45EWH | Bartscher 1500508"},"content":{"rendered":"<p><b>Mieszad\u0142o p\u0142askie do K45 5KSM45EWH<\/b><\/p>\n","protected":false},"excerpt":{"rendered":"<p>Mieszad\u0142o p\u0142askie do K45 5KSM45EWH<\/p>\n","protected":false},"featured_media":53916,"template":"","meta":{"_et_pb_use_builder":"","_et_pb_old_content":"","_et_gb_content_width":""},"pwb-brand":[1577],"product_brand":[],"product_cat":[481],"product_tag":[],"class_list":{"0":"post-49956","1":"product","2":"type-product","3":"status-publish","4":"has-post-thumbnail","6":"pwb-brand-bartscher","7":"product_cat-akcesoria-do-mikserow-planetarnych","9":"first","10":"instock","11":"taxable","12":"shipping-taxable","13":"purchasable","14":"product-type-simple"},"brands":[{"id":1577,"name":"Bartscher","slug":"bartscher"}],"_links":{"self":[{"href":"https:\/\/www.multifrigo.pl\/sklep\/wp-json\/wp\/v2\/product\/49956","targetHints":{"allow":["GET"]}}],"collection":[{"href":"https:\/\/www.multifrigo.pl\/sklep\/wp-json\/wp\/v2\/product"}],"about":[{"href":"https:\/\/www.multifrigo.pl\/sklep\/wp-json\/wp\/v2\/types\/product"}],"wp:featuredmedia":[{"embeddable":true,"href":"https:\/\/www.multifrigo.pl\/sklep\/wp-json\/wp\/v2\/media\/53916"}],"wp:attachment":[{"href":"https:\/\/www.multifrigo.pl\/sklep\/wp-json\/wp\/v2\/media?parent=49956"}],"wp:term":[{"taxonomy":"pwb-brand","embeddable":true,"href":"https:\/\/www.multifrigo.pl\/sklep\/wp-json\/wp\/v2\/pwb-brand?post=49956"},{"taxonomy":"product_brand","embeddable":true,"href":"https:\/\/www.multifrigo.pl\/sklep\/wp-json\/wp\/v2\/product_brand?post=49956"},{"taxonomy":"product_cat","embeddable":true,"href":"https:\/\/www.multifrigo.pl\/sklep\/wp-json\/wp\/v2\/product_cat?post=49956"},{"taxonomy":"product_tag","embeddable":true,"href":"https:\/\/www.multifrigo.pl\/sklep\/wp-json\/wp\/v2\/product_tag?post=49956"}],"curies":[{"name":"wp","href":"https:\/\/api.w.org\/{rel}","templated":true}]}}