{"id":49975,"date":"2024-09-09T07:41:46","date_gmt":"2024-09-09T07:41:46","guid":{"rendered":"https:\/\/www.multifrigo.pl\/sklep\/produkt\/nalesnikarka-1cp400-bartscher-104458\/"},"modified":"2025-07-17T07:44:13","modified_gmt":"2025-07-17T07:44:13","slug":"nalesnikarka-1cp400-bartscher-104458","status":"publish","type":"product","link":"https:\/\/www.multifrigo.pl\/sklep\/produkt\/nalesnikarka-1cp400-bartscher-104458\/","title":{"rendered":"Nale\u015bnikarka 1CP400 | Bartscher 104458"},"content":{"rendered":"<p><b>Nale\u015bnikarka 1CP400<\/b><\/p>\n<p>Niezwykle wydajna nale\u015bnikarka z \u017celiwa charakteryzuje si\u0119 dobr\u0105 przewodno\u015bci\u0105 ciep\u0142a i solidnym wykonaniem. Dostosowane do potrzeb i niezale\u017cne wykorzystanie p\u0142yty umo\u017cliwia w\u0142\u0105cznik\/wy\u0142\u0105cznik.<\/p><\/p>\n","protected":false},"excerpt":{"rendered":"<p>Nale\u015bnikarka 1CP400 Niezwykle wydajna nale\u015bnikarka z \u017celiwa charakteryzuje si\u0119 dobr\u0105 przewodno\u015bci\u0105 ciep\u0142a i solidnym wykonaniem. Dostosowane do potrzeb i niezale\u017cne wykorzystanie p\u0142yty umo\u017cliwia w\u0142\u0105cznik\/wy\u0142\u0105cznik.<\/p>\n","protected":false},"featured_media":53997,"template":"","meta":{"_et_pb_use_builder":"","_et_pb_old_content":"","_et_gb_content_width":""},"pwb-brand":[1577],"product_brand":[],"product_cat":[452],"product_tag":[],"class_list":{"0":"post-49975","1":"product","2":"type-product","3":"status-publish","4":"has-post-thumbnail","6":"pwb-brand-bartscher","7":"product_cat-nalesnikarki","9":"first","10":"instock","11":"taxable","12":"shipping-taxable","13":"purchasable","14":"product-type-simple"},"brands":[{"id":1577,"name":"Bartscher","slug":"bartscher"}],"_links":{"self":[{"href":"https:\/\/www.multifrigo.pl\/sklep\/wp-json\/wp\/v2\/product\/49975","targetHints":{"allow":["GET"]}}],"collection":[{"href":"https:\/\/www.multifrigo.pl\/sklep\/wp-json\/wp\/v2\/product"}],"about":[{"href":"https:\/\/www.multifrigo.pl\/sklep\/wp-json\/wp\/v2\/types\/product"}],"wp:featuredmedia":[{"embeddable":true,"href":"https:\/\/www.multifrigo.pl\/sklep\/wp-json\/wp\/v2\/media\/53997"}],"wp:attachment":[{"href":"https:\/\/www.multifrigo.pl\/sklep\/wp-json\/wp\/v2\/media?parent=49975"}],"wp:term":[{"taxonomy":"pwb-brand","embeddable":true,"href":"https:\/\/www.multifrigo.pl\/sklep\/wp-json\/wp\/v2\/pwb-brand?post=49975"},{"taxonomy":"product_brand","embeddable":true,"href":"https:\/\/www.multifrigo.pl\/sklep\/wp-json\/wp\/v2\/product_brand?post=49975"},{"taxonomy":"product_cat","embeddable":true,"href":"https:\/\/www.multifrigo.pl\/sklep\/wp-json\/wp\/v2\/product_cat?post=49975"},{"taxonomy":"product_tag","embeddable":true,"href":"https:\/\/www.multifrigo.pl\/sklep\/wp-json\/wp\/v2\/product_tag?post=49975"}],"curies":[{"name":"wp","href":"https:\/\/api.w.org\/{rel}","templated":true}]}}