{"id":49978,"date":"2024-09-09T07:41:56","date_gmt":"2024-09-09T07:41:56","guid":{"rendered":"https:\/\/www.multifrigo.pl\/sklep\/produkt\/nalesnikarka-2cp400g-bartscher-1043623\/"},"modified":"2025-07-17T07:44:11","modified_gmt":"2025-07-17T07:44:11","slug":"nalesnikarka-2cp400g-bartscher-1043623","status":"publish","type":"product","link":"https:\/\/www.multifrigo.pl\/sklep\/produkt\/nalesnikarka-2cp400g-bartscher-1043623\/","title":{"rendered":"Nale\u015bnikarka 2CP400G | Bartscher 1043623"},"content":{"rendered":"<p><b>Nale\u015bnikarka 2CP400G<\/b><\/p>\n<p>\u017beliwne p\u0142yty do wypieku nale\u015bnik&oacute;w stwarzaj\u0105 najlepsze warunki do przyrz\u0105dzenia cieniutkiego, lekko przypieczonego i wilgotnego nale\u015bnika. Na dw&oacute;ch powlekanych p\u0142ytach o wymiarze 40 cm mo\u017cna przygotowywa\u0107 nale\u015bniki z mo\u017cliwo\u015bci\u0105 2-stopniowej regulacji w najprostszy spos&oacute;b.<\/p><\/p>\n","protected":false},"excerpt":{"rendered":"<p>Nale\u015bnikarka 2CP400G \u017beliwne p\u0142yty do wypieku nale\u015bnik&oacute;w stwarzaj\u0105 najlepsze warunki do przyrz\u0105dzenia cieniutkiego, lekko przypieczonego i wilgotnego nale\u015bnika. Na dw&oacute;ch powlekanych p\u0142ytach o wymiarze 40 cm mo\u017cna przygotowywa\u0107 nale\u015bniki z mo\u017cliwo\u015bci\u0105 2-stopniowej regulacji w najprostszy spos&oacute;b.<\/p>\n","protected":false},"featured_media":54012,"template":"","meta":{"_et_pb_use_builder":"","_et_pb_old_content":"","_et_gb_content_width":""},"pwb-brand":[1577],"product_brand":[],"product_cat":[452],"product_tag":[],"class_list":{"0":"post-49978","1":"product","2":"type-product","3":"status-publish","4":"has-post-thumbnail","6":"pwb-brand-bartscher","7":"product_cat-nalesnikarki","9":"first","10":"instock","11":"taxable","12":"shipping-taxable","13":"purchasable","14":"product-type-simple"},"brands":[{"id":1577,"name":"Bartscher","slug":"bartscher"}],"_links":{"self":[{"href":"https:\/\/www.multifrigo.pl\/sklep\/wp-json\/wp\/v2\/product\/49978","targetHints":{"allow":["GET"]}}],"collection":[{"href":"https:\/\/www.multifrigo.pl\/sklep\/wp-json\/wp\/v2\/product"}],"about":[{"href":"https:\/\/www.multifrigo.pl\/sklep\/wp-json\/wp\/v2\/types\/product"}],"wp:featuredmedia":[{"embeddable":true,"href":"https:\/\/www.multifrigo.pl\/sklep\/wp-json\/wp\/v2\/media\/54012"}],"wp:attachment":[{"href":"https:\/\/www.multifrigo.pl\/sklep\/wp-json\/wp\/v2\/media?parent=49978"}],"wp:term":[{"taxonomy":"pwb-brand","embeddable":true,"href":"https:\/\/www.multifrigo.pl\/sklep\/wp-json\/wp\/v2\/pwb-brand?post=49978"},{"taxonomy":"product_brand","embeddable":true,"href":"https:\/\/www.multifrigo.pl\/sklep\/wp-json\/wp\/v2\/product_brand?post=49978"},{"taxonomy":"product_cat","embeddable":true,"href":"https:\/\/www.multifrigo.pl\/sklep\/wp-json\/wp\/v2\/product_cat?post=49978"},{"taxonomy":"product_tag","embeddable":true,"href":"https:\/\/www.multifrigo.pl\/sklep\/wp-json\/wp\/v2\/product_tag?post=49978"}],"curies":[{"name":"wp","href":"https:\/\/api.w.org\/{rel}","templated":true}]}}