{"id":49979,"date":"2024-09-09T07:42:02","date_gmt":"2024-09-09T07:42:02","guid":{"rendered":"https:\/\/www.multifrigo.pl\/sklep\/produkt\/nalewak-do-grzanego-wina-1300-bartscher-200119\/"},"modified":"2025-07-17T08:51:31","modified_gmt":"2025-07-17T08:51:31","slug":"nalewak-do-grzanego-wina-1300-bartscher-200119","status":"publish","type":"product","link":"https:\/\/www.multifrigo.pl\/sklep\/produkt\/nalewak-do-grzanego-wina-1300-bartscher-200119\/","title":{"rendered":"Nalewak do grzanego wina 1300 | Bartscher 200119"},"content":{"rendered":"<p><b>Nalewak do grzanego wina 1300<\/b><\/p>\n<p>Nalewanie grzanego wina w wi\u0119kszych ilo\u015bciach bez potrzeby uci\u0105\u017cliwego przelewania, podgrzewania lub d\u0142ugiego utrzymywania temperatury. Nalewak do grzanego wina z 2 kurkami i 2 osobno za\u0142\u0105czanymi pompkami jest gotowy do u\u017cycia w kilka minut.<\/p><\/p>\n","protected":false},"excerpt":{"rendered":"<p>Nalewak do grzanego wina 1300 Nalewanie grzanego wina w wi\u0119kszych ilo\u015bciach bez potrzeby uci\u0105\u017cliwego przelewania, podgrzewania lub d\u0142ugiego utrzymywania temperatury. Nalewak do grzanego wina z 2 kurkami i 2 osobno za\u0142\u0105czanymi pompkami jest gotowy do u\u017cycia w kilka minut.<\/p>\n","protected":false},"featured_media":54017,"template":"","meta":{"_et_pb_use_builder":"","_et_pb_old_content":"","_et_gb_content_width":""},"pwb-brand":[1577],"product_brand":[],"product_cat":[305],"product_tag":[],"class_list":{"0":"post-49979","1":"product","2":"type-product","3":"status-publish","4":"has-post-thumbnail","6":"pwb-brand-bartscher","7":"product_cat-nalewaki-barmanskie","9":"first","10":"instock","11":"taxable","12":"shipping-taxable","13":"purchasable","14":"product-type-simple"},"brands":[{"id":1577,"name":"Bartscher","slug":"bartscher"}],"_links":{"self":[{"href":"https:\/\/www.multifrigo.pl\/sklep\/wp-json\/wp\/v2\/product\/49979","targetHints":{"allow":["GET"]}}],"collection":[{"href":"https:\/\/www.multifrigo.pl\/sklep\/wp-json\/wp\/v2\/product"}],"about":[{"href":"https:\/\/www.multifrigo.pl\/sklep\/wp-json\/wp\/v2\/types\/product"}],"wp:featuredmedia":[{"embeddable":true,"href":"https:\/\/www.multifrigo.pl\/sklep\/wp-json\/wp\/v2\/media\/54017"}],"wp:attachment":[{"href":"https:\/\/www.multifrigo.pl\/sklep\/wp-json\/wp\/v2\/media?parent=49979"}],"wp:term":[{"taxonomy":"pwb-brand","embeddable":true,"href":"https:\/\/www.multifrigo.pl\/sklep\/wp-json\/wp\/v2\/pwb-brand?post=49979"},{"taxonomy":"product_brand","embeddable":true,"href":"https:\/\/www.multifrigo.pl\/sklep\/wp-json\/wp\/v2\/product_brand?post=49979"},{"taxonomy":"product_cat","embeddable":true,"href":"https:\/\/www.multifrigo.pl\/sklep\/wp-json\/wp\/v2\/product_cat?post=49979"},{"taxonomy":"product_tag","embeddable":true,"href":"https:\/\/www.multifrigo.pl\/sklep\/wp-json\/wp\/v2\/product_tag?post=49979"}],"curies":[{"name":"wp","href":"https:\/\/api.w.org\/{rel}","templated":true}]}}