{"id":49984,"date":"2024-09-09T07:42:25","date_gmt":"2024-09-09T07:42:25","guid":{"rendered":"https:\/\/www.multifrigo.pl\/sklep\/?post_type=product&#038;p=49984"},"modified":"2025-07-17T08:29:10","modified_gmt":"2025-07-17T08:29:10","slug":"sterylizator-do-nozy-9-330-bartscher-110438","status":"publish","type":"product","link":"https:\/\/www.multifrigo.pl\/sklep\/produkt\/sterylizator-do-nozy-9-330-bartscher-110438\/","title":{"rendered":"Sterylizator do no\u017cy 9-330 | Bartscher 110438"},"content":{"rendered":"<p><b>Sterylizator do no\u017cy 9-330<\/b><\/p>\n<p>Higiena i bezpiecze\u0144stwo: barwiona na czarno szyba chroni przed \u015bwiat\u0142em UV, kt\u00f3re s\u0142u\u017cy do sterylizacji nawet do 9 no\u017cy. Wystarczy zawiesi\u0107 no\u017ce, zamkn\u0105\u0107 drzwi i ustawi\u0107 timer.<\/p><\/p>\n","protected":false},"excerpt":{"rendered":"<p>Sterylizator do no\u017cy 9-330 Higiena i bezpiecze\u0144stwo: barwiona na czarno szyba chroni przed \u015bwiat\u0142em UV, kt\u00f3re s\u0142u\u017cy do sterylizacji nawet do 9 no\u017cy. Wystarczy zawiesi\u0107 no\u017ce, zamkn\u0105\u0107 drzwi i ustawi\u0107 timer.<\/p>\n","protected":false},"featured_media":55339,"template":"","meta":{"_et_pb_use_builder":"","_et_pb_old_content":"","_et_gb_content_width":""},"pwb-brand":[1577],"product_brand":[],"product_cat":[3625],"product_tag":[],"class_list":{"0":"post-49984","1":"product","2":"type-product","3":"status-publish","4":"has-post-thumbnail","6":"pwb-brand-bartscher","7":"product_cat-sterylizatory-noze-i-deski-gastronomiczne","9":"first","10":"instock","11":"taxable","12":"shipping-taxable","13":"purchasable","14":"product-type-simple"},"brands":[{"id":1577,"name":"Bartscher","slug":"bartscher"}],"_links":{"self":[{"href":"https:\/\/www.multifrigo.pl\/sklep\/wp-json\/wp\/v2\/product\/49984","targetHints":{"allow":["GET"]}}],"collection":[{"href":"https:\/\/www.multifrigo.pl\/sklep\/wp-json\/wp\/v2\/product"}],"about":[{"href":"https:\/\/www.multifrigo.pl\/sklep\/wp-json\/wp\/v2\/types\/product"}],"wp:featuredmedia":[{"embeddable":true,"href":"https:\/\/www.multifrigo.pl\/sklep\/wp-json\/wp\/v2\/media\/55339"}],"wp:attachment":[{"href":"https:\/\/www.multifrigo.pl\/sklep\/wp-json\/wp\/v2\/media?parent=49984"}],"wp:term":[{"taxonomy":"pwb-brand","embeddable":true,"href":"https:\/\/www.multifrigo.pl\/sklep\/wp-json\/wp\/v2\/pwb-brand?post=49984"},{"taxonomy":"product_brand","embeddable":true,"href":"https:\/\/www.multifrigo.pl\/sklep\/wp-json\/wp\/v2\/product_brand?post=49984"},{"taxonomy":"product_cat","embeddable":true,"href":"https:\/\/www.multifrigo.pl\/sklep\/wp-json\/wp\/v2\/product_cat?post=49984"},{"taxonomy":"product_tag","embeddable":true,"href":"https:\/\/www.multifrigo.pl\/sklep\/wp-json\/wp\/v2\/product_tag?post=49984"}],"curies":[{"name":"wp","href":"https:\/\/api.w.org\/{rel}","templated":true}]}}