{"id":49989,"date":"2024-09-09T07:42:43","date_gmt":"2024-09-09T07:42:43","guid":{"rendered":"https:\/\/www.multifrigo.pl\/sklep\/produkt\/noz-275-ze-szlifem-kulistym-bartscher-174056\/"},"modified":"2025-07-17T08:46:36","modified_gmt":"2025-07-17T08:46:36","slug":"noz-275-ze-szlifem-kulistym-bartscher-174056","status":"publish","type":"product","link":"https:\/\/www.multifrigo.pl\/sklep\/produkt\/noz-275-ze-szlifem-kulistym-bartscher-174056\/","title":{"rendered":"N\u00f3\u017c 275, ze szlifem kulistym | Bartscher 174056"},"content":{"rendered":"<p><b>N\u00f3\u017c 275, ze szlifem kulistym<\/b><\/p>\n","protected":false},"excerpt":{"rendered":"<p>N\u00f3\u017c 275, ze szlifem kulistym<\/p>\n","protected":false},"featured_media":54032,"template":"","meta":{"_et_pb_use_builder":"","_et_pb_old_content":"","_et_gb_content_width":""},"pwb-brand":[1577],"product_brand":[],"product_cat":[3038],"product_tag":[],"class_list":{"0":"post-49989","1":"product","2":"type-product","3":"status-publish","4":"has-post-thumbnail","6":"pwb-brand-bartscher","7":"product_cat-akcesoria-do-krajalnic","9":"first","10":"instock","11":"taxable","12":"shipping-taxable","13":"purchasable","14":"product-type-simple"},"brands":[{"id":1577,"name":"Bartscher","slug":"bartscher"}],"_links":{"self":[{"href":"https:\/\/www.multifrigo.pl\/sklep\/wp-json\/wp\/v2\/product\/49989","targetHints":{"allow":["GET"]}}],"collection":[{"href":"https:\/\/www.multifrigo.pl\/sklep\/wp-json\/wp\/v2\/product"}],"about":[{"href":"https:\/\/www.multifrigo.pl\/sklep\/wp-json\/wp\/v2\/types\/product"}],"wp:featuredmedia":[{"embeddable":true,"href":"https:\/\/www.multifrigo.pl\/sklep\/wp-json\/wp\/v2\/media\/54032"}],"wp:attachment":[{"href":"https:\/\/www.multifrigo.pl\/sklep\/wp-json\/wp\/v2\/media?parent=49989"}],"wp:term":[{"taxonomy":"pwb-brand","embeddable":true,"href":"https:\/\/www.multifrigo.pl\/sklep\/wp-json\/wp\/v2\/pwb-brand?post=49989"},{"taxonomy":"product_brand","embeddable":true,"href":"https:\/\/www.multifrigo.pl\/sklep\/wp-json\/wp\/v2\/product_brand?post=49989"},{"taxonomy":"product_cat","embeddable":true,"href":"https:\/\/www.multifrigo.pl\/sklep\/wp-json\/wp\/v2\/product_cat?post=49989"},{"taxonomy":"product_tag","embeddable":true,"href":"https:\/\/www.multifrigo.pl\/sklep\/wp-json\/wp\/v2\/product_tag?post=49989"}],"curies":[{"name":"wp","href":"https:\/\/api.w.org\/{rel}","templated":true}]}}