{"id":50019,"date":"2024-09-09T07:44:15","date_gmt":"2024-09-09T07:44:15","guid":{"rendered":"https:\/\/www.multifrigo.pl\/sklep\/produkt\/noz-fw200-bartscher-370301\/"},"modified":"2025-07-17T09:41:29","modified_gmt":"2025-07-17T09:41:29","slug":"noz-fw200-bartscher-370301","status":"publish","type":"product","link":"https:\/\/www.multifrigo.pl\/sklep\/produkt\/noz-fw200-bartscher-370301\/","title":{"rendered":"N\u00f3\u017c FW200 | Bartscher 370301"},"content":{"rendered":"<p><b>N\u00f3\u017c FW200<\/b><\/p>\n<p>N\u00f3\u017c 4-ramienny ze stali szlachetnej jest przeznaczony do maszynki do mi\u0119sa FW200 marki Bartscher.<\/p><\/p>\n","protected":false},"excerpt":{"rendered":"<p>N\u00f3\u017c FW200 N\u00f3\u017c 4-ramienny ze stali szlachetnej jest przeznaczony do maszynki do mi\u0119sa FW200 marki Bartscher.<\/p>\n","protected":false},"featured_media":54053,"template":"","meta":{"_et_pb_use_builder":"","_et_pb_old_content":"","_et_gb_content_width":""},"pwb-brand":[1577],"product_brand":[],"product_cat":[1104],"product_tag":[],"class_list":{"0":"post-50019","1":"product","2":"type-product","3":"status-publish","4":"has-post-thumbnail","6":"pwb-brand-bartscher","7":"product_cat-wilki-do-miesa","9":"first","10":"instock","11":"taxable","12":"shipping-taxable","13":"purchasable","14":"product-type-simple"},"brands":[{"id":1577,"name":"Bartscher","slug":"bartscher"}],"_links":{"self":[{"href":"https:\/\/www.multifrigo.pl\/sklep\/wp-json\/wp\/v2\/product\/50019","targetHints":{"allow":["GET"]}}],"collection":[{"href":"https:\/\/www.multifrigo.pl\/sklep\/wp-json\/wp\/v2\/product"}],"about":[{"href":"https:\/\/www.multifrigo.pl\/sklep\/wp-json\/wp\/v2\/types\/product"}],"wp:featuredmedia":[{"embeddable":true,"href":"https:\/\/www.multifrigo.pl\/sklep\/wp-json\/wp\/v2\/media\/54053"}],"wp:attachment":[{"href":"https:\/\/www.multifrigo.pl\/sklep\/wp-json\/wp\/v2\/media?parent=50019"}],"wp:term":[{"taxonomy":"pwb-brand","embeddable":true,"href":"https:\/\/www.multifrigo.pl\/sklep\/wp-json\/wp\/v2\/pwb-brand?post=50019"},{"taxonomy":"product_brand","embeddable":true,"href":"https:\/\/www.multifrigo.pl\/sklep\/wp-json\/wp\/v2\/product_brand?post=50019"},{"taxonomy":"product_cat","embeddable":true,"href":"https:\/\/www.multifrigo.pl\/sklep\/wp-json\/wp\/v2\/product_cat?post=50019"},{"taxonomy":"product_tag","embeddable":true,"href":"https:\/\/www.multifrigo.pl\/sklep\/wp-json\/wp\/v2\/product_tag?post=50019"}],"curies":[{"name":"wp","href":"https:\/\/api.w.org\/{rel}","templated":true}]}}