{"id":50028,"date":"2024-09-09T07:44:49","date_gmt":"2024-09-09T07:44:49","guid":{"rendered":"https:\/\/www.multifrigo.pl\/sklep\/produkt\/obieraczka-do-ziemniakow-10kg-bartscher-120198\/"},"modified":"2025-07-17T08:35:37","modified_gmt":"2025-07-17T08:35:37","slug":"obieraczka-do-ziemniakow-10kg-bartscher-120198","status":"publish","type":"product","link":"https:\/\/www.multifrigo.pl\/sklep\/produkt\/obieraczka-do-ziemniakow-10kg-bartscher-120198\/","title":{"rendered":"Obieraczka do ziemniak\u00f3w 10KG | Bartscher 120198"},"content":{"rendered":"<p><b>Obieraczka do ziemniak\u00f3w 10KG<\/b><\/p>\n<p>\u015awie\u017co obrane ziemniaki i zero wysi\u0142ku \u2013 dzi\u0119ki tarce jeste\u015b w stanie pozbawi\u0107 sk\u00f3rki nawet do 130 kg ziemniak\u00f3w w ci\u0105gu godziny. Funkcje takie jak timer czy wy\u0142\u0105cznik awaryjny gwarantuj\u0105 p\u0142ynn\u0105 i bezpieczn\u0105 prac\u0119.<\/p><\/p>\n","protected":false},"excerpt":{"rendered":"<p>Obieraczka do ziemniak\u00f3w 10KG \u015awie\u017co obrane ziemniaki i zero wysi\u0142ku \u2013 dzi\u0119ki tarce jeste\u015b w stanie pozbawi\u0107 sk\u00f3rki nawet do 130 kg ziemniak\u00f3w w ci\u0105gu godziny. Funkcje takie jak timer czy wy\u0142\u0105cznik awaryjny gwarantuj\u0105 p\u0142ynn\u0105 i bezpieczn\u0105 prac\u0119.<\/p>\n","protected":false},"featured_media":54063,"template":"","meta":{"_et_pb_use_builder":"","_et_pb_old_content":"","_et_gb_content_width":""},"pwb-brand":[1577],"product_brand":[],"product_cat":[488],"product_tag":[],"class_list":{"0":"post-50028","1":"product","2":"type-product","3":"status-publish","4":"has-post-thumbnail","6":"pwb-brand-bartscher","7":"product_cat-obieraczki-do-ziemniakow","9":"first","10":"instock","11":"taxable","12":"shipping-taxable","13":"purchasable","14":"product-type-simple"},"brands":[{"id":1577,"name":"Bartscher","slug":"bartscher"}],"_links":{"self":[{"href":"https:\/\/www.multifrigo.pl\/sklep\/wp-json\/wp\/v2\/product\/50028","targetHints":{"allow":["GET"]}}],"collection":[{"href":"https:\/\/www.multifrigo.pl\/sklep\/wp-json\/wp\/v2\/product"}],"about":[{"href":"https:\/\/www.multifrigo.pl\/sklep\/wp-json\/wp\/v2\/types\/product"}],"wp:featuredmedia":[{"embeddable":true,"href":"https:\/\/www.multifrigo.pl\/sklep\/wp-json\/wp\/v2\/media\/54063"}],"wp:attachment":[{"href":"https:\/\/www.multifrigo.pl\/sklep\/wp-json\/wp\/v2\/media?parent=50028"}],"wp:term":[{"taxonomy":"pwb-brand","embeddable":true,"href":"https:\/\/www.multifrigo.pl\/sklep\/wp-json\/wp\/v2\/pwb-brand?post=50028"},{"taxonomy":"product_brand","embeddable":true,"href":"https:\/\/www.multifrigo.pl\/sklep\/wp-json\/wp\/v2\/product_brand?post=50028"},{"taxonomy":"product_cat","embeddable":true,"href":"https:\/\/www.multifrigo.pl\/sklep\/wp-json\/wp\/v2\/product_cat?post=50028"},{"taxonomy":"product_tag","embeddable":true,"href":"https:\/\/www.multifrigo.pl\/sklep\/wp-json\/wp\/v2\/product_tag?post=50028"}],"curies":[{"name":"wp","href":"https:\/\/api.w.org\/{rel}","templated":true}]}}