{"id":50044,"date":"2024-09-09T07:45:57","date_gmt":"2024-09-09T07:45:57","guid":{"rendered":"https:\/\/www.multifrigo.pl\/sklep\/produkt\/pakowarka-prozniowa-420-20l-bartscher-300746\/"},"modified":"2025-07-17T09:36:50","modified_gmt":"2025-07-17T09:36:50","slug":"pakowarka-prozniowa-420-20l-bartscher-300746","status":"publish","type":"product","link":"https:\/\/www.multifrigo.pl\/sklep\/produkt\/pakowarka-prozniowa-420-20l-bartscher-300746\/","title":{"rendered":"Pakowarka pr\u00f3\u017cniowa 420\/20L | Bartscher 300746"},"content":{"rendered":"<p><b>Pakowarka pr\u00f3\u017cniowa 420\/20L<\/b><\/p>\n<p>W ka\u017cdej chwili gotowa do akcji: pakowarka pr\u00f3\u017cniowa jest natychmiast gotowa do u\u017cycia dzi\u0119ki uchwytowi na rolk\u0119 ze zintegrowanym no\u017cem. Szczeg\u00f3lnie w przypadku niewielkich ilo\u015bci urz\u0105dzenie doskonale nadaje si\u0119 do pakowania pr\u00f3\u017cniowego, marynowania i szczelnego zamykania.<\/p>\n","protected":false},"excerpt":{"rendered":"<p>Pakowarka pr\u00f3\u017cniowa 420\/20L W ka\u017cdej chwili gotowa do akcji: pakowarka pr\u00f3\u017cniowa jest natychmiast gotowa do u\u017cycia dzi\u0119ki uchwytowi na rolk\u0119 ze zintegrowanym no\u017cem. Szczeg\u00f3lnie w przypadku niewielkich ilo\u015bci urz\u0105dzenie doskonale nadaje si\u0119 do pakowania pr\u00f3\u017cniowego, marynowania i szczelnego zamykania.<\/p>\n","protected":false},"featured_media":54122,"template":"","meta":{"_et_pb_use_builder":"","_et_pb_old_content":"","_et_gb_content_width":""},"pwb-brand":[1577],"product_brand":[],"product_cat":[419],"product_tag":[],"class_list":{"0":"post-50044","1":"product","2":"type-product","3":"status-publish","4":"has-post-thumbnail","6":"pwb-brand-bartscher","7":"product_cat-pakowarki-komorowe","9":"first","10":"instock","11":"taxable","12":"shipping-taxable","13":"purchasable","14":"product-type-simple"},"brands":[{"id":1577,"name":"Bartscher","slug":"bartscher"}],"_links":{"self":[{"href":"https:\/\/www.multifrigo.pl\/sklep\/wp-json\/wp\/v2\/product\/50044","targetHints":{"allow":["GET"]}}],"collection":[{"href":"https:\/\/www.multifrigo.pl\/sklep\/wp-json\/wp\/v2\/product"}],"about":[{"href":"https:\/\/www.multifrigo.pl\/sklep\/wp-json\/wp\/v2\/types\/product"}],"wp:featuredmedia":[{"embeddable":true,"href":"https:\/\/www.multifrigo.pl\/sklep\/wp-json\/wp\/v2\/media\/54122"}],"wp:attachment":[{"href":"https:\/\/www.multifrigo.pl\/sklep\/wp-json\/wp\/v2\/media?parent=50044"}],"wp:term":[{"taxonomy":"pwb-brand","embeddable":true,"href":"https:\/\/www.multifrigo.pl\/sklep\/wp-json\/wp\/v2\/pwb-brand?post=50044"},{"taxonomy":"product_brand","embeddable":true,"href":"https:\/\/www.multifrigo.pl\/sklep\/wp-json\/wp\/v2\/product_brand?post=50044"},{"taxonomy":"product_cat","embeddable":true,"href":"https:\/\/www.multifrigo.pl\/sklep\/wp-json\/wp\/v2\/product_cat?post=50044"},{"taxonomy":"product_tag","embeddable":true,"href":"https:\/\/www.multifrigo.pl\/sklep\/wp-json\/wp\/v2\/product_tag?post=50044"}],"curies":[{"name":"wp","href":"https:\/\/api.w.org\/{rel}","templated":true}]}}