{"id":50052,"date":"2024-09-09T07:46:30","date_gmt":"2024-09-09T07:46:30","guid":{"rendered":"https:\/\/www.multifrigo.pl\/sklep\/produkt\/patelnia-do-paelli-stp340-bartscher-a153234\/"},"modified":"2025-07-17T10:02:47","modified_gmt":"2025-07-17T10:02:47","slug":"patelnia-do-paelli-stp340-bartscher-a153234","status":"publish","type":"product","link":"https:\/\/www.multifrigo.pl\/sklep\/produkt\/patelnia-do-paelli-stp340-bartscher-a153234\/","title":{"rendered":"Patelnia do paelli STP340 | Bartscher A153234"},"content":{"rendered":"<p><b>Patelnia do paelli STP340<\/b><\/p>\n<p>Solidna, wykonana w ca\u0142o\u015bci z polerowanej stali powierzchnia do sma\u017cenia o specjalnej strukturze, z wysok\u0105 kraw\u0119dzi\u0105 i odpornymi na wysok\u0105 temperatur\u0119 uchwytami \u2013 patelnie do paelli marki Bartscher doskonale nadaj\u0105 si\u0119 r\u00f3wnie\u017c do przyrz\u0105dzania sma\u017conych ziemniak\u00f3w, krajanki mi\u0119snej, gyrosa lub chili con carne.<\/p>\n","protected":false},"excerpt":{"rendered":"<p>Patelnia do paelli STP340 Solidna, wykonana w ca\u0142o\u015bci z polerowanej stali powierzchnia do sma\u017cenia o specjalnej strukturze, z wysok\u0105 kraw\u0119dzi\u0105 i odpornymi na wysok\u0105 temperatur\u0119 uchwytami \u2013 patelnie do paelli marki Bartscher doskonale nadaj\u0105 si\u0119 r\u00f3wnie\u017c do przyrz\u0105dzania sma\u017conych ziemniak\u00f3w, krajanki mi\u0119snej, gyrosa lub chili con carne.<\/p>\n","protected":false},"featured_media":54164,"template":"","meta":{"_et_pb_use_builder":"","_et_pb_old_content":"","_et_gb_content_width":""},"pwb-brand":[1577],"product_brand":[],"product_cat":[3134],"product_tag":[],"class_list":{"0":"post-50052","1":"product","2":"type-product","3":"status-publish","4":"has-post-thumbnail","6":"pwb-brand-bartscher","7":"product_cat-patelnie-do-paeli","9":"first","10":"instock","11":"taxable","12":"shipping-taxable","13":"purchasable","14":"product-type-simple"},"brands":[{"id":1577,"name":"Bartscher","slug":"bartscher"}],"_links":{"self":[{"href":"https:\/\/www.multifrigo.pl\/sklep\/wp-json\/wp\/v2\/product\/50052","targetHints":{"allow":["GET"]}}],"collection":[{"href":"https:\/\/www.multifrigo.pl\/sklep\/wp-json\/wp\/v2\/product"}],"about":[{"href":"https:\/\/www.multifrigo.pl\/sklep\/wp-json\/wp\/v2\/types\/product"}],"wp:featuredmedia":[{"embeddable":true,"href":"https:\/\/www.multifrigo.pl\/sklep\/wp-json\/wp\/v2\/media\/54164"}],"wp:attachment":[{"href":"https:\/\/www.multifrigo.pl\/sklep\/wp-json\/wp\/v2\/media?parent=50052"}],"wp:term":[{"taxonomy":"pwb-brand","embeddable":true,"href":"https:\/\/www.multifrigo.pl\/sklep\/wp-json\/wp\/v2\/pwb-brand?post=50052"},{"taxonomy":"product_brand","embeddable":true,"href":"https:\/\/www.multifrigo.pl\/sklep\/wp-json\/wp\/v2\/product_brand?post=50052"},{"taxonomy":"product_cat","embeddable":true,"href":"https:\/\/www.multifrigo.pl\/sklep\/wp-json\/wp\/v2\/product_cat?post=50052"},{"taxonomy":"product_tag","embeddable":true,"href":"https:\/\/www.multifrigo.pl\/sklep\/wp-json\/wp\/v2\/product_tag?post=50052"}],"curies":[{"name":"wp","href":"https:\/\/api.w.org\/{rel}","templated":true}]}}