{"id":50068,"date":"2024-09-09T07:47:24","date_gmt":"2024-09-09T07:47:24","guid":{"rendered":"https:\/\/www.multifrigo.pl\/sklep\/produkt\/patelnia-e200-d1-bartscher-100456\/"},"modified":"2025-07-17T07:42:47","modified_gmt":"2025-07-17T07:42:47","slug":"patelnia-e200-d1-bartscher-100456","status":"publish","type":"product","link":"https:\/\/www.multifrigo.pl\/sklep\/produkt\/patelnia-e200-d1-bartscher-100456\/","title":{"rendered":"Patelnia E200-D1 | Bartscher 100456"},"content":{"rendered":"<p><b>Patelnia E200-D1<\/b><\/p>\n<p>Multitalent w ka\u017cdej kuchni \u2013 sma\u017cenie, pra\u017cenie czy podgrzanie: wykonana ze stali szlachetnej patelnia z do\u0142\u0105czon\u0105 pokrywk\u0105 optymalnie sprawdzi si\u0119 na ka\u017cdej kuchence.<\/p><\/p>\n","protected":false},"excerpt":{"rendered":"<p>Patelnia E200-D1 Multitalent w ka\u017cdej kuchni \u2013 sma\u017cenie, pra\u017cenie czy podgrzanie: wykonana ze stali szlachetnej patelnia z do\u0142\u0105czon\u0105 pokrywk\u0105 optymalnie sprawdzi si\u0119 na ka\u017cdej kuchence.<\/p>\n","protected":false},"featured_media":54206,"template":"","meta":{"_et_pb_use_builder":"","_et_pb_old_content":"","_et_gb_content_width":""},"pwb-brand":[1577],"product_brand":[],"product_cat":[74],"product_tag":[],"class_list":{"0":"post-50068","1":"product","2":"type-product","3":"status-publish","4":"has-post-thumbnail","6":"pwb-brand-bartscher","7":"product_cat-patelnie-uniwersalne","9":"first","10":"instock","11":"taxable","12":"shipping-taxable","13":"purchasable","14":"product-type-simple"},"brands":[{"id":1577,"name":"Bartscher","slug":"bartscher"}],"_links":{"self":[{"href":"https:\/\/www.multifrigo.pl\/sklep\/wp-json\/wp\/v2\/product\/50068","targetHints":{"allow":["GET"]}}],"collection":[{"href":"https:\/\/www.multifrigo.pl\/sklep\/wp-json\/wp\/v2\/product"}],"about":[{"href":"https:\/\/www.multifrigo.pl\/sklep\/wp-json\/wp\/v2\/types\/product"}],"wp:featuredmedia":[{"embeddable":true,"href":"https:\/\/www.multifrigo.pl\/sklep\/wp-json\/wp\/v2\/media\/54206"}],"wp:attachment":[{"href":"https:\/\/www.multifrigo.pl\/sklep\/wp-json\/wp\/v2\/media?parent=50068"}],"wp:term":[{"taxonomy":"pwb-brand","embeddable":true,"href":"https:\/\/www.multifrigo.pl\/sklep\/wp-json\/wp\/v2\/pwb-brand?post=50068"},{"taxonomy":"product_brand","embeddable":true,"href":"https:\/\/www.multifrigo.pl\/sklep\/wp-json\/wp\/v2\/product_brand?post=50068"},{"taxonomy":"product_cat","embeddable":true,"href":"https:\/\/www.multifrigo.pl\/sklep\/wp-json\/wp\/v2\/product_cat?post=50068"},{"taxonomy":"product_tag","embeddable":true,"href":"https:\/\/www.multifrigo.pl\/sklep\/wp-json\/wp\/v2\/product_tag?post=50068"}],"curies":[{"name":"wp","href":"https:\/\/api.w.org\/{rel}","templated":true}]}}