{"id":50163,"date":"2024-09-09T07:52:21","date_gmt":"2024-09-09T07:52:21","guid":{"rendered":"https:\/\/www.multifrigo.pl\/sklep\/produkt\/piec-do-pizzy-st340-bartscher-a201113\/"},"modified":"2026-02-21T23:12:32","modified_gmt":"2026-02-21T23:12:32","slug":"piec-do-pizzy-st340-bartscher-a201113","status":"publish","type":"product","link":"https:\/\/www.multifrigo.pl\/sklep\/produkt\/piec-do-pizzy-st340-bartscher-a201113\/","title":{"rendered":"Piec do pizzy ST340 | Bartscher A201113"},"content":{"rendered":"<p><b>Piec do pizzy ST340<\/b><\/p>\n<p>Idealny dla pocz\u0105tkuj\u0105cych piec do produkcji pizzy, podp\u0142omyk\u00f3w, pizzowych bu\u0142eczek, a tak\u017ce bagietek w mniejszych ilo\u015bciach. Dzi\u0119ki do\u0142\u0105czonej do zestawu cegle szamotowej pizza i inne wypieki zyskaj\u0105 ten niepowtarzalny, charakterystyczny dla kamiennego pieca smak, kt\u00f3remu towarzyszy\u0107 b\u0119dzie chrupko\u015b\u0107 i krucho\u015b\u0107.<\/p><\/p>\n","protected":false},"excerpt":{"rendered":"<p>Piec do pizzy ST340 Idealny dla pocz\u0105tkuj\u0105cych piec do produkcji pizzy, podp\u0142omyk\u00f3w, pizzowych bu\u0142eczek, a tak\u017ce bagietek w mniejszych ilo\u015bciach. Dzi\u0119ki do\u0142\u0105czonej do zestawu cegle szamotowej pizza i inne wypieki zyskaj\u0105 ten niepowtarzalny, charakterystyczny dla kamiennego pieca smak, kt\u00f3remu towarzyszy\u0107 b\u0119dzie chrupko\u015b\u0107 i krucho\u015b\u0107.<\/p>\n","protected":false},"featured_media":54358,"template":"","meta":{"_et_pb_use_builder":"","_et_pb_old_content":"","_et_gb_content_width":""},"pwb-brand":[1577],"product_brand":[],"product_cat":[462],"product_tag":[],"class_list":{"0":"post-50163","1":"product","2":"type-product","3":"status-publish","4":"has-post-thumbnail","6":"pwb-brand-bartscher","7":"product_cat-piece-do-pizzy","9":"first","10":"instock","11":"taxable","12":"shipping-taxable","13":"purchasable","14":"product-type-simple"},"brands":[{"id":1577,"name":"Bartscher","slug":"bartscher"}],"_links":{"self":[{"href":"https:\/\/www.multifrigo.pl\/sklep\/wp-json\/wp\/v2\/product\/50163","targetHints":{"allow":["GET"]}}],"collection":[{"href":"https:\/\/www.multifrigo.pl\/sklep\/wp-json\/wp\/v2\/product"}],"about":[{"href":"https:\/\/www.multifrigo.pl\/sklep\/wp-json\/wp\/v2\/types\/product"}],"wp:featuredmedia":[{"embeddable":true,"href":"https:\/\/www.multifrigo.pl\/sklep\/wp-json\/wp\/v2\/media\/54358"}],"wp:attachment":[{"href":"https:\/\/www.multifrigo.pl\/sklep\/wp-json\/wp\/v2\/media?parent=50163"}],"wp:term":[{"taxonomy":"pwb-brand","embeddable":true,"href":"https:\/\/www.multifrigo.pl\/sklep\/wp-json\/wp\/v2\/pwb-brand?post=50163"},{"taxonomy":"product_brand","embeddable":true,"href":"https:\/\/www.multifrigo.pl\/sklep\/wp-json\/wp\/v2\/product_brand?post=50163"},{"taxonomy":"product_cat","embeddable":true,"href":"https:\/\/www.multifrigo.pl\/sklep\/wp-json\/wp\/v2\/product_cat?post=50163"},{"taxonomy":"product_tag","embeddable":true,"href":"https:\/\/www.multifrigo.pl\/sklep\/wp-json\/wp\/v2\/product_tag?post=50163"}],"curies":[{"name":"wp","href":"https:\/\/api.w.org\/{rel}","templated":true}]}}