{"id":50165,"date":"2024-09-09T07:52:30","date_gmt":"2024-09-09T07:52:30","guid":{"rendered":"https:\/\/www.multifrigo.pl\/sklep\/produkt\/piec-do-pizzy-st415-bartscher-2002102\/"},"modified":"2026-02-21T23:12:23","modified_gmt":"2026-02-21T23:12:23","slug":"piec-do-pizzy-st415-bartscher-2002102","status":"publish","type":"product","link":"https:\/\/www.multifrigo.pl\/sklep\/produkt\/piec-do-pizzy-st415-bartscher-2002102\/","title":{"rendered":"Piec do pizzy ST415 | Bartscher 2002102"},"content":{"rendered":"<p><b>Piec do pizzy ST415<\/b><\/p>\n<p>Kompaktowy piec do pizzy to idealny wyb&oacute;r dla bistro, bar&oacute;w czy snack-bar&oacute;w. Grza\u0142ka g&oacute;rna i dolna z mo\u017cliwo\u015bci\u0105 oddzielnego w\u0142\u0105czania umo\u017cliwiaj\u0105 wypiekanie chrupi\u0105cej pizzy o \u015brednicy 40 cm na kamieniu do pizzy Wziernik i programator czasowy gwarantuj\u0105 doskona\u0142e rezultaty.<\/p><\/p>\n","protected":false},"excerpt":{"rendered":"<p>Piec do pizzy ST415 Kompaktowy piec do pizzy to idealny wyb&oacute;r dla bistro, bar&oacute;w czy snack-bar&oacute;w. Grza\u0142ka g&oacute;rna i dolna z mo\u017cliwo\u015bci\u0105 oddzielnego w\u0142\u0105czania umo\u017cliwiaj\u0105 wypiekanie chrupi\u0105cej pizzy o \u015brednicy 40 cm na kamieniu do pizzy Wziernik i programator czasowy gwarantuj\u0105 doskona\u0142e rezultaty.<\/p>\n","protected":false},"featured_media":54373,"template":"","meta":{"_et_pb_use_builder":"","_et_pb_old_content":"","_et_gb_content_width":""},"pwb-brand":[1577],"product_brand":[],"product_cat":[462],"product_tag":[],"class_list":{"0":"post-50165","1":"product","2":"type-product","3":"status-publish","4":"has-post-thumbnail","6":"pwb-brand-bartscher","7":"product_cat-piece-do-pizzy","9":"first","10":"instock","11":"taxable","12":"shipping-taxable","13":"purchasable","14":"product-type-simple"},"brands":[{"id":1577,"name":"Bartscher","slug":"bartscher"}],"_links":{"self":[{"href":"https:\/\/www.multifrigo.pl\/sklep\/wp-json\/wp\/v2\/product\/50165","targetHints":{"allow":["GET"]}}],"collection":[{"href":"https:\/\/www.multifrigo.pl\/sklep\/wp-json\/wp\/v2\/product"}],"about":[{"href":"https:\/\/www.multifrigo.pl\/sklep\/wp-json\/wp\/v2\/types\/product"}],"wp:featuredmedia":[{"embeddable":true,"href":"https:\/\/www.multifrigo.pl\/sklep\/wp-json\/wp\/v2\/media\/54373"}],"wp:attachment":[{"href":"https:\/\/www.multifrigo.pl\/sklep\/wp-json\/wp\/v2\/media?parent=50165"}],"wp:term":[{"taxonomy":"pwb-brand","embeddable":true,"href":"https:\/\/www.multifrigo.pl\/sklep\/wp-json\/wp\/v2\/pwb-brand?post=50165"},{"taxonomy":"product_brand","embeddable":true,"href":"https:\/\/www.multifrigo.pl\/sklep\/wp-json\/wp\/v2\/product_brand?post=50165"},{"taxonomy":"product_cat","embeddable":true,"href":"https:\/\/www.multifrigo.pl\/sklep\/wp-json\/wp\/v2\/product_cat?post=50165"},{"taxonomy":"product_tag","embeddable":true,"href":"https:\/\/www.multifrigo.pl\/sklep\/wp-json\/wp\/v2\/product_tag?post=50165"}],"curies":[{"name":"wp","href":"https:\/\/api.w.org\/{rel}","templated":true}]}}