{"id":50166,"date":"2024-09-09T07:52:36","date_gmt":"2024-09-09T07:52:36","guid":{"rendered":"https:\/\/www.multifrigo.pl\/sklep\/produkt\/piec-konwekcyjno-parowy-silversteam-10111drs-bartscher-117731\/"},"modified":"2025-07-17T08:35:08","modified_gmt":"2025-07-17T08:35:08","slug":"piec-konwekcyjno-parowy-silversteam-10111drs-bartscher-117731","status":"publish","type":"product","link":"https:\/\/www.multifrigo.pl\/sklep\/produkt\/piec-konwekcyjno-parowy-silversteam-10111drs-bartscher-117731\/","title":{"rendered":"Piec konwekcyjno-parowy Silversteam 10111DRS | Bartscher 117731"},"content":{"rendered":"<p><b>Piec konwekcyjno-parowy Silversteam 10111DRS<\/b><\/p>\n<p>Piec konwekcyjno-parowy marki Bartscher z serii Silversteam z elektroniczn\u0105 obs\u0142ug\u0105, systemem czyszczenia i 10 parami prowadnic w formacie 1\/1 GN \u2013 idealny partner w ka\u017cdej kuchni. Dzi\u0119ki funkcji Rack Control mo\u017cliwe jest przygotowanie najr\u00f3\u017cniejszych potraw w r\u00f3\u017cnym czasie. Jest to u\u0142atwienie, dzi\u0119ki kt\u00f3remu model Silversteam ma wszystko pod kontrol\u0105.<\/p><\/p>\n","protected":false},"excerpt":{"rendered":"<p>Piec konwekcyjno-parowy Silversteam 10111DRS Piec konwekcyjno-parowy marki Bartscher z serii Silversteam z elektroniczn\u0105 obs\u0142ug\u0105, systemem czyszczenia i 10 parami prowadnic w formacie 1\/1 GN \u2013 idealny partner w ka\u017cdej kuchni. Dzi\u0119ki funkcji Rack Control mo\u017cliwe jest przygotowanie najr\u00f3\u017cniejszych potraw w r\u00f3\u017cnym czasie. Jest to u\u0142atwienie, dzi\u0119ki kt\u00f3remu model Silversteam ma wszystko pod kontrol\u0105.<\/p>\n","protected":false},"featured_media":54377,"template":"","meta":{"_et_pb_use_builder":"","_et_pb_old_content":"","_et_gb_content_width":""},"pwb-brand":[1577],"product_brand":[],"product_cat":[541],"product_tag":[],"class_list":{"0":"post-50166","1":"product","2":"type-product","3":"status-publish","4":"has-post-thumbnail","6":"pwb-brand-bartscher","7":"product_cat-piece-konwekcyjno-parowe","9":"first","10":"instock","11":"taxable","12":"shipping-taxable","13":"purchasable","14":"product-type-simple"},"brands":[{"id":1577,"name":"Bartscher","slug":"bartscher"}],"_links":{"self":[{"href":"https:\/\/www.multifrigo.pl\/sklep\/wp-json\/wp\/v2\/product\/50166","targetHints":{"allow":["GET"]}}],"collection":[{"href":"https:\/\/www.multifrigo.pl\/sklep\/wp-json\/wp\/v2\/product"}],"about":[{"href":"https:\/\/www.multifrigo.pl\/sklep\/wp-json\/wp\/v2\/types\/product"}],"wp:featuredmedia":[{"embeddable":true,"href":"https:\/\/www.multifrigo.pl\/sklep\/wp-json\/wp\/v2\/media\/54377"}],"wp:attachment":[{"href":"https:\/\/www.multifrigo.pl\/sklep\/wp-json\/wp\/v2\/media?parent=50166"}],"wp:term":[{"taxonomy":"pwb-brand","embeddable":true,"href":"https:\/\/www.multifrigo.pl\/sklep\/wp-json\/wp\/v2\/pwb-brand?post=50166"},{"taxonomy":"product_brand","embeddable":true,"href":"https:\/\/www.multifrigo.pl\/sklep\/wp-json\/wp\/v2\/product_brand?post=50166"},{"taxonomy":"product_cat","embeddable":true,"href":"https:\/\/www.multifrigo.pl\/sklep\/wp-json\/wp\/v2\/product_cat?post=50166"},{"taxonomy":"product_tag","embeddable":true,"href":"https:\/\/www.multifrigo.pl\/sklep\/wp-json\/wp\/v2\/product_tag?post=50166"}],"curies":[{"name":"wp","href":"https:\/\/api.w.org\/{rel}","templated":true}]}}