{"id":50193,"date":"2024-09-09T07:53:52","date_gmt":"2024-09-09T07:53:52","guid":{"rendered":"https:\/\/www.multifrigo.pl\/sklep\/produkt\/piec-konwekcyjno-parowy-silversteam-p-5111d-bartscher-117761\/"},"modified":"2025-07-17T08:35:21","modified_gmt":"2025-07-17T08:35:21","slug":"piec-konwekcyjno-parowy-silversteam-p-5111d-bartscher-117761","status":"publish","type":"product","link":"https:\/\/www.multifrigo.pl\/sklep\/produkt\/piec-konwekcyjno-parowy-silversteam-p-5111d-bartscher-117761\/","title":{"rendered":"Piec konwekcyjno-parowy Silversteam P-5111D | Bartscher 117761"},"content":{"rendered":"<p><b>Piec konwekcyjno-parowy Silversteam P-5111D<\/b><\/p>\n<p>Wi\u0119ksza efektywno\u015b\u0107 i oszcz\u0119dno\u015b\u0107 czasu dzi\u0119ki dodatkowej mocy pieca konwekcyjno-parowego Silversteam P 5 x 1\/1 GN. Ca\u0142kowicie wype\u0142nione komory nie s\u0105 problemem dzi\u0119ki zapewnionej du\u017cej mocy oraz funkcji Rack Control. Skr\u00f3cony czas obr\u00f3bki termicznej, szybsze nagrzewanie oraz prosta obs\u0142uga m\u00f3wi\u0105 same za siebie.<\/p><\/p>\n","protected":false},"excerpt":{"rendered":"<p>Piec konwekcyjno-parowy Silversteam P-5111D Wi\u0119ksza efektywno\u015b\u0107 i oszcz\u0119dno\u015b\u0107 czasu dzi\u0119ki dodatkowej mocy pieca konwekcyjno-parowego Silversteam P 5 x 1\/1 GN. Ca\u0142kowicie wype\u0142nione komory nie s\u0105 problemem dzi\u0119ki zapewnionej du\u017cej mocy oraz funkcji Rack Control. Skr\u00f3cony czas obr\u00f3bki termicznej, szybsze nagrzewanie oraz prosta obs\u0142uga m\u00f3wi\u0105 same za siebie.<\/p>\n","protected":false},"featured_media":54425,"template":"","meta":{"_et_pb_use_builder":"","_et_pb_old_content":"","_et_gb_content_width":""},"pwb-brand":[1577],"product_brand":[],"product_cat":[541],"product_tag":[],"class_list":{"0":"post-50193","1":"product","2":"type-product","3":"status-publish","4":"has-post-thumbnail","6":"pwb-brand-bartscher","7":"product_cat-piece-konwekcyjno-parowe","9":"first","10":"instock","11":"taxable","12":"shipping-taxable","13":"purchasable","14":"product-type-simple"},"brands":[{"id":1577,"name":"Bartscher","slug":"bartscher"}],"_links":{"self":[{"href":"https:\/\/www.multifrigo.pl\/sklep\/wp-json\/wp\/v2\/product\/50193","targetHints":{"allow":["GET"]}}],"collection":[{"href":"https:\/\/www.multifrigo.pl\/sklep\/wp-json\/wp\/v2\/product"}],"about":[{"href":"https:\/\/www.multifrigo.pl\/sklep\/wp-json\/wp\/v2\/types\/product"}],"wp:featuredmedia":[{"embeddable":true,"href":"https:\/\/www.multifrigo.pl\/sklep\/wp-json\/wp\/v2\/media\/54425"}],"wp:attachment":[{"href":"https:\/\/www.multifrigo.pl\/sklep\/wp-json\/wp\/v2\/media?parent=50193"}],"wp:term":[{"taxonomy":"pwb-brand","embeddable":true,"href":"https:\/\/www.multifrigo.pl\/sklep\/wp-json\/wp\/v2\/pwb-brand?post=50193"},{"taxonomy":"product_brand","embeddable":true,"href":"https:\/\/www.multifrigo.pl\/sklep\/wp-json\/wp\/v2\/product_brand?post=50193"},{"taxonomy":"product_cat","embeddable":true,"href":"https:\/\/www.multifrigo.pl\/sklep\/wp-json\/wp\/v2\/product_cat?post=50193"},{"taxonomy":"product_tag","embeddable":true,"href":"https:\/\/www.multifrigo.pl\/sklep\/wp-json\/wp\/v2\/product_tag?post=50193"}],"curies":[{"name":"wp","href":"https:\/\/api.w.org\/{rel}","templated":true}]}}