{"id":50336,"date":"2024-09-09T08:00:54","date_gmt":"2024-09-09T08:00:54","guid":{"rendered":"https:\/\/www.multifrigo.pl\/sklep\/produkt\/piec-przelotowy-do-pizzy-3600tb10-bartscher-2002203\/"},"modified":"2026-02-21T23:12:19","modified_gmt":"2026-02-21T23:12:19","slug":"piec-przelotowy-do-pizzy-3600tb10-bartscher-2002203","status":"publish","type":"product","link":"https:\/\/www.multifrigo.pl\/sklep\/produkt\/piec-przelotowy-do-pizzy-3600tb10-bartscher-2002203\/","title":{"rendered":"Piec przelotowy do pizzy 3600TB10 | Bartscher 2002203"},"content":{"rendered":"<p><b>Piec przelotowy do pizzy 3600TB10<\/b><\/p>\n<p>Pizza i przek\u0105ski prosto z ta\u015bmy: dzi\u0119ki przelotowemu piecowi do pizzy upieczemy nie tylko ten w\u0142oski klasyk, ale i bagietki z dodatkami, a tak\u017ce tosty. Indywidualna regulacja pr\u0119dko\u015bci ta\u015bmy transportowej sprawi, \u017ce ka\u017cde danie b\u0119dzie pyszne i chrupi\u0105ce.<\/p><\/p>\n","protected":false},"excerpt":{"rendered":"<p>Piec przelotowy do pizzy 3600TB10 Pizza i przek\u0105ski prosto z ta\u015bmy: dzi\u0119ki przelotowemu piecowi do pizzy upieczemy nie tylko ten w\u0142oski klasyk, ale i bagietki z dodatkami, a tak\u017ce tosty. Indywidualna regulacja pr\u0119dko\u015bci ta\u015bmy transportowej sprawi, \u017ce ka\u017cde danie b\u0119dzie pyszne i chrupi\u0105ce.<\/p>\n","protected":false},"featured_media":54666,"template":"","meta":{"_et_pb_use_builder":"","_et_pb_old_content":"","_et_gb_content_width":""},"pwb-brand":[1577],"product_brand":[],"product_cat":[462],"product_tag":[],"class_list":{"0":"post-50336","1":"product","2":"type-product","3":"status-publish","4":"has-post-thumbnail","6":"pwb-brand-bartscher","7":"product_cat-piece-do-pizzy","9":"first","10":"instock","11":"taxable","12":"shipping-taxable","13":"purchasable","14":"product-type-simple"},"brands":[{"id":1577,"name":"Bartscher","slug":"bartscher"}],"_links":{"self":[{"href":"https:\/\/www.multifrigo.pl\/sklep\/wp-json\/wp\/v2\/product\/50336","targetHints":{"allow":["GET"]}}],"collection":[{"href":"https:\/\/www.multifrigo.pl\/sklep\/wp-json\/wp\/v2\/product"}],"about":[{"href":"https:\/\/www.multifrigo.pl\/sklep\/wp-json\/wp\/v2\/types\/product"}],"wp:featuredmedia":[{"embeddable":true,"href":"https:\/\/www.multifrigo.pl\/sklep\/wp-json\/wp\/v2\/media\/54666"}],"wp:attachment":[{"href":"https:\/\/www.multifrigo.pl\/sklep\/wp-json\/wp\/v2\/media?parent=50336"}],"wp:term":[{"taxonomy":"pwb-brand","embeddable":true,"href":"https:\/\/www.multifrigo.pl\/sklep\/wp-json\/wp\/v2\/pwb-brand?post=50336"},{"taxonomy":"product_brand","embeddable":true,"href":"https:\/\/www.multifrigo.pl\/sklep\/wp-json\/wp\/v2\/product_brand?post=50336"},{"taxonomy":"product_cat","embeddable":true,"href":"https:\/\/www.multifrigo.pl\/sklep\/wp-json\/wp\/v2\/product_cat?post=50336"},{"taxonomy":"product_tag","embeddable":true,"href":"https:\/\/www.multifrigo.pl\/sklep\/wp-json\/wp\/v2\/product_tag?post=50336"}],"curies":[{"name":"wp","href":"https:\/\/api.w.org\/{rel}","templated":true}]}}