{"id":50337,"date":"2024-09-09T08:00:58","date_gmt":"2024-09-09T08:00:58","guid":{"rendered":"https:\/\/www.multifrigo.pl\/sklep\/produkt\/piekarnik-niskotemperaturowy-12kw-bartscher-120792\/"},"modified":"2025-07-17T08:37:19","modified_gmt":"2025-07-17T08:37:19","slug":"piekarnik-niskotemperaturowy-12kw-bartscher-120792","status":"publish","type":"product","link":"https:\/\/www.multifrigo.pl\/sklep\/produkt\/piekarnik-niskotemperaturowy-12kw-bartscher-120792\/","title":{"rendered":"Piekarnik niskotemperaturowy 1,2kW | Bartscher 120792"},"content":{"rendered":"<p><b>Piekarnik niskotemperaturowy 1,2kW<\/b><\/p>\n<p>Po\u0142\u0105czenie funkcji gotowania i utrzymania ciep\u0142a \u2013 delikatne przygotowanie potraw dzi\u0119ki r\u00f3wnomiernie rozprowadzanemu ciep\u0142u, oddzia\u0142ywuj\u0105cemu ze wszystkich stron na potraw\u0119.<\/p><\/p>\n","protected":false},"excerpt":{"rendered":"<p>Piekarnik niskotemperaturowy 1,2kW Po\u0142\u0105czenie funkcji gotowania i utrzymania ciep\u0142a \u2013 delikatne przygotowanie potraw dzi\u0119ki r\u00f3wnomiernie rozprowadzanemu ciep\u0142u, oddzia\u0142ywuj\u0105cemu ze wszystkich stron na potraw\u0119.<\/p>\n","protected":false},"featured_media":54673,"template":"","meta":{"_et_pb_use_builder":"","_et_pb_old_content":"","_et_gb_content_width":""},"pwb-brand":[1577],"product_brand":[],"product_cat":[1009],"product_tag":[],"class_list":{"0":"post-50337","1":"product","2":"type-product","3":"status-publish","4":"has-post-thumbnail","6":"pwb-brand-bartscher","7":"product_cat-piekarniki","9":"first","10":"instock","11":"taxable","12":"shipping-taxable","13":"purchasable","14":"product-type-simple"},"brands":[{"id":1577,"name":"Bartscher","slug":"bartscher"}],"_links":{"self":[{"href":"https:\/\/www.multifrigo.pl\/sklep\/wp-json\/wp\/v2\/product\/50337","targetHints":{"allow":["GET"]}}],"collection":[{"href":"https:\/\/www.multifrigo.pl\/sklep\/wp-json\/wp\/v2\/product"}],"about":[{"href":"https:\/\/www.multifrigo.pl\/sklep\/wp-json\/wp\/v2\/types\/product"}],"wp:featuredmedia":[{"embeddable":true,"href":"https:\/\/www.multifrigo.pl\/sklep\/wp-json\/wp\/v2\/media\/54673"}],"wp:attachment":[{"href":"https:\/\/www.multifrigo.pl\/sklep\/wp-json\/wp\/v2\/media?parent=50337"}],"wp:term":[{"taxonomy":"pwb-brand","embeddable":true,"href":"https:\/\/www.multifrigo.pl\/sklep\/wp-json\/wp\/v2\/pwb-brand?post=50337"},{"taxonomy":"product_brand","embeddable":true,"href":"https:\/\/www.multifrigo.pl\/sklep\/wp-json\/wp\/v2\/product_brand?post=50337"},{"taxonomy":"product_cat","embeddable":true,"href":"https:\/\/www.multifrigo.pl\/sklep\/wp-json\/wp\/v2\/product_cat?post=50337"},{"taxonomy":"product_tag","embeddable":true,"href":"https:\/\/www.multifrigo.pl\/sklep\/wp-json\/wp\/v2\/product_tag?post=50337"}],"curies":[{"name":"wp","href":"https:\/\/api.w.org\/{rel}","templated":true}]}}